{"id":1490,"date":"2022-11-30T15:34:52","date_gmt":"2022-11-30T15:34:52","guid":{"rendered":"https:\/\/preview.treethemes.com\/nyssa\/demo1-clean\/?page_id=1490"},"modified":"2026-01-15T12:11:19","modified_gmt":"2026-01-15T17:11:19","slug":"colegiatura","status":"publish","type":"page","link":"https:\/\/cpp.pe\/cpp\/colegiatura\/","title":{"rendered":"Colegiatura"},"content":{"rendered":"<div class=\"wpb-content-wrapper\"><p>[vc_row css_animation=\u00bbfadeIn\u00bb bg_type=\u00bbimage\u00bb parallax_style=\u00bbvcpb-default\u00bb bg_image_new=\u00bbid^4984|url^https:\/\/cpp.pe\/cpp\/wp-content\/uploads\/2025\/08\/colegiaturacpp.jpg|caption^null|alt^null|title^Dise\u00f1o sin t\u00edtulo &#8211; 4|description^null\u00bb bg_image_repeat=\u00bbno-repeat\u00bb bg_override=\u00bbex-full\u00bb enable_overlay=\u00bbenable_overlay_value\u00bb overlay_color=\u00bbrgba(79,42,147,0.25)\u00bb seperator_enable=\u00bbseperator_enable_value\u00bb seperator_type=\u00bbcurve_up_seperator\u00bb seperator_position=\u00bbbottom_seperator\u00bb seperator_svg_height=\u00bb200&#8243; seperator_shape_background=\u00bb#fefcff\u00bb][vc_column width=\u00bb2\/3&#8243;]<div class=\"ult-content-box-container \" >\t\t<div class=\"ult-content-box\" style=\"box-shadow: px px px px none;margin:70px;-webkit-transition: all 700ms ease;-moz-transition: all 700ms ease;-ms-transition: all 700ms ease;-o-transition: all 700ms ease;transition: all 700ms ease;\"  data-hover_box_shadow=\"none\"   data-responsive_margins=\"margin:0px;\"   data-normal_margins=\"margin:70px;\"  >[vc_empty_space height=\u00bb120px\u00bb][vc_custom_heading text=\u00bbFortalece tu identidad profesional y ejerce con respaldo, \u00e9tica y compromiso\u00bb font_container=\u00bbtag:h5|text_align:left|color:rgba(255%2C255%2C255%2C0.7)\u00bb use_theme_fonts=\u00bbyes\u00bb css=\u00bb\u00bb]<div id=\"ultv-2635\" class=\"ult-dual-color ult-adjust-bottom-margin ult-dual-color-responsive-none ultv-2635  \"><div class=\"ult-module-content ult-dual-color-heading\" style=\"text-align:left;\">\n\t\t\t\t\t\t<h1><span class=\"ult-before-heading\">\n\t\t\t\t\t\t<span class=\"ult-dual-heading-text ult-first-text ult-responsive\"  data-ultimate-target='.ult-dual-color.ultv-2635 .ult-dual-heading-text'  data-responsive-json-new='{\"font-size\":\"\",\"line-height\":\"\"}'  style=\"color:#ffffff;     border:none; font-family:&#039;Inter&#039;;font-weight:800;\">Hazte parte del Colegio de Periodistas del Per\u00fa<\/span>\n\t\t\t\t\t<\/span><span class=\"ult-adv-heading\" style=\"\">\n\t\t\t\t\t\t<span class=\"ult-dual-adv-heading-text ult-highlight-text ult-responsive\"  data-ultimate-target='.ult-dual-color.ultv-2635 .ult-highlight-text'  data-responsive-json-new='{\"font-size\":\"\",\"line-height\":\"\"}'  style=\"color:#feb4c3;   letter-spacing:0px;  border:none; font-family:&#039;Inter&#039;;font-weight:800;\">.<\/span>\n\t\t\t\t\t<\/span><\/h1> <\/div><\/div>[vc_empty_space height=\u00bb30px\u00bb][vc_btn title=\u00bbColegiate Ahora\u00bb style=\u00bbcustom\u00bb custom_background=\u00bb#8f1018&#8243; custom_text=\u00bb#ffffff\u00bb align=\u00bbleft\u00bb css=\u00bb\u00bb link=\u00bburl:https%3A%2F%2Fcpp.pe%2Fcpp%2Finicio-de-colegiatura%2F|title:Inicio%20de%20Colegiatura\u00bb][vc_empty_space height=\u00bb220px\u00bb]\t\t<\/div><\/div>[\/vc_column][vc_column width=\u00bb1\/3&#8243;][\/vc_column][\/vc_row][vc_row css=\u00bb.vc_custom_1757633753728{padding-bottom: 3rem !important;}\u00bb][vc_column][vc_custom_heading text=\u00bbLa colegiatura: un compromiso con la verdad y la ciudadan\u00eda\u00bb font_container=\u00bbtag:h3|text_align:center\u00bb use_theme_fonts=\u00bbyes\u00bb css=\u00bb\u00bb][vc_empty_space][vc_column_text css=\u00bb\u00bb]<\/p>\n<p style=\"text-align: justify;\" data-start=\"191\" data-end=\"539\">Ser parte del Colegio de Periodistas del Per\u00fa no es solo un tr\u00e1mite, es una decisi\u00f3n que refleja tu compromiso con el ejercicio responsable del periodismo. Desde su fundaci\u00f3n, el CPP ha promovido la colegiaci\u00f3n como una forma de asegurar que quienes informan a la ciudadan\u00eda lo hagan con \u00e9tica, preparaci\u00f3n y respeto por los derechos fundamentales.<\/p>\n<p style=\"text-align: justify;\" data-start=\"541\" data-end=\"836\">Colegiarte no solo te habilita legalmente para ejercer, tambi\u00e9n te vincula a una comunidad que defiende la veracidad, la pluralidad y la libertad de expresi\u00f3n como pilares de nuestra democracia. Informar con responsabilidad es un deber p\u00fablico, y el CPP est\u00e1 aqu\u00ed para respaldarte en ese camino.<\/p>\n<p>[\/vc_column_text][vc_empty_space height=\u00bb52px\u00bb][vc_custom_heading text=\u00bbBuscador de Colegiados\u00bb font_container=\u00bbtag:h4|text_align:center\u00bb use_theme_fonts=\u00bbyes\u00bb css=\u00bb\u00bb][vc_column_text css=\u00bb\u00bb]<\/p>\n<p><center><div class=\"wrap pdb-list pdb-instance-1 participants-database\" id=\"participants-list-1\">\n  \n<div class=\"pdb-searchform\">\n<div class=\"pdb-error pdb-search-error\" style=\"display:none\">\n<p class=\"search_field_error\">Seleccione un columna para buscar.<\/p>\n<p class=\"value_error\">Por favor, escriba algo para buscar.<\/p>\n<\/div>\n<form method=\"post\" class=\"sort_filter_form\" action=\"https:\/\/cpp.pe\/cpp\/colegiatura\/#participants-list-1\" data-ref=\"update\">\n<input name=\"action\" type=\"hidden\" value=\"pdb_list_filter\" \/>\n\n<input name=\"target_instance\" type=\"hidden\" value=\"1\" \/>\n\n<input name=\"instance_index\" type=\"hidden\" value=\"1\" \/>\n\n<input name=\"pagelink\" type=\"hidden\" value=\"\/cpp\/wp-json\/wp\/v2\/pages\/1490?listpage=%1$s\" \/>\n\n<fieldset class=\"widefat inline-controls\">\n<legend>Buscar:<\/legend>\n<select name=\"search_field\" id=\"pdb-search_field-2\" class=\"search-item\">\n<option value=\"none\">((escoger))<\/option>\n<option value=\"nombre_completo\">Nombre Completo<\/option>\n<option value=\"dni\">DNI<\/option>\n<option value=\"region\">Region<\/option>\n<\/select>\n\n<input name=\"operator\" type=\"hidden\" class=\"search-item\" value=\"LIKE\" \/>\n<input name=\"value\" id=\"participant_search_term\" class=\"search-item\" type=\"text\" value=\"\" \/>\n\n<input name=\"submit_button\" class=\"search-form-submit\" data-submit=\"search\" type=\"submit\" value=\"Buscar\">\n<input name=\"submit_button\" class=\"search-form-clear\" data-submit=\"clear\" type=\"submit\" value=\"Limpiar\">\n<\/fieldset>\n<\/form><\/div>  <table class=\"wp-list-table widefat fixed pages list-container\" >\n\n              \n\n    \n      <tbody>\n        <tr>\n          <td><\/td>\n        <\/tr>\n      <\/tbody>\n\n\n  <\/table>\n  <\/div><\/center>[\/vc_column_text][\/vc_column][\/vc_row][vc_row bg_type=\u00bbbg_color\u00bb bg_override=\u00bbex-full\u00bb el_class=\u00bbwideipad\u00bb css=\u00bb.vc_custom_1750714321280{padding-bottom: 2rem !important;}\u00bb bg_color_value=\u00bb#ededed\u00bb][vc_column css_animation=\u00bbfadeInUp\u00bb]<section class='special_tabs icontext vertical'><div class='tab-selector col-xs-12 col-sm-3'><\/div><div class='tab-container col-xs-12 col-sm-9' style='margin-left:0px;'><\/div><div class='label 1'><div class='nyssa_icon_special_tabs'><i class='fa linearicons-home2'><\/i><\/div><div class='title'><a class='special_tabs_linkage'>\u00bfPor qu\u00e9 colegiarse?<\/a><\/div><div class='divider-vertical-tabs'><\/div><\/div><div class='content 1'><p>[vc_row_inner][vc_column_inner css=\u00bb.vc_custom_1474056192226{padding-left: 25px !important;}\u00bb][vc_custom_heading text=\u00bbM\u00e1s que un requisito, un compromiso con la profesi\u00f3n\u00bb font_container=\u00bbtag:h3|text_align:left\u00bb use_theme_fonts=\u00bbyes\u00bb css=\u00bb\u00bb][vc_empty_space height=\u00bb10px\u00bb][vc_column_text css=\u00bb\u00bb]<\/p>\n<p>La colegiatura es un paso clave para ejercer el periodismo con respaldo legal, \u00e9tico e institucional. Al integrarte al Colegio de Periodistas del Per\u00fa, accedes a una red nacional de profesionales comprometidos con la verdad, la libertad de expresi\u00f3n y la excelencia en la comunicaci\u00f3n.[\/vc_column_text][vc_empty_space height=\u00bb20px\u00bb][\/vc_column_inner][\/vc_row_inner]<\/p>\n<\/div><div class='label 2'><div class='nyssa_icon_special_tabs'><i class='fa linearicons-rocket'><\/i><\/div><div class='title'><a class='special_tabs_linkage'>Beneficios<\/a><\/div><div class='divider-vertical-tabs'><\/div><\/div><div class='content 2'><p>[vc_row_inner][vc_column_inner css=\u00bb.vc_custom_1474056192226{padding-left: 25px !important;}\u00bb][vc_custom_heading text=\u00bbBeneficios destacados\u00bb font_container=\u00bbtag:h3|text_align:left\u00bb use_theme_fonts=\u00bbyes\u00bb css=\u00bb\u00bb][vc_empty_space height=\u00bb20px\u00bb][vc_column_text css=\u00bb\u00bb]<\/p>\n<ul>\n<li data-start=\"818\" data-end=\"867\">Acceso a capacitaciones, diplomados y seminarios.<\/li>\n<li data-start=\"870\" data-end=\"930\">Acreditaci\u00f3n profesional ante entidades p\u00fablicas y privadas.<\/li>\n<li data-start=\"933\" data-end=\"997\">Respaldo gremial y asesor\u00eda en casos de vulneraci\u00f3n de derechos.<\/li>\n<li data-start=\"1000\" data-end=\"1072\">Participaci\u00f3n en eventos institucionales, publicaciones y convocatorias.<\/li>\n<li data-start=\"1075\" data-end=\"1109\">Descuentos y convenios exclusivos.<\/li>\n<\/ul>\n<p>[\/vc_column_text][\/vc_column_inner][\/vc_row_inner]<\/p>\n<\/div><div class='label 3'><div class='nyssa_icon_special_tabs'><i class='fa linearicons-lamp'><\/i><\/div><div class='title'><a class='special_tabs_linkage'>Requisitos para colegiarse<\/a><\/div><div class='divider-vertical-tabs'><\/div><\/div><div class='content 3'><p>[vc_row_inner][vc_column_inner css=\u00bb.vc_custom_1474056192226{padding-left: 25px !important;}\u00bb][vc_custom_heading text=\u00bb\u00bfQu\u00e9 necesitas para iniciar tu colegiatura?\u00bb font_container=\u00bbtag:h3|text_align:left\u00bb use_theme_fonts=\u00bbyes\u00bb css=\u00bb\u00bb][vc_empty_space height=\u00bb20px\u00bb][vc_column_text css=\u00bb\u00bb]Para iniciar tu proceso de incorporaci\u00f3n al CPP, debes presentar los siguientes documentos:<\/p>\n<p>&nbsp;<\/p>\n<ol>\n<li style=\"list-style-type: none;\">\n<ol>\n<li data-start=\"1391\" data-end=\"1454\">Copia legalizada del t\u00edtulo profesional registrado en SUNEDU y adicionar la constancia de Registro de Inscripci\u00f3n.<\/li>\n<li data-start=\"1457\" data-end=\"1520\">Fotograf\u00eda digital a color, en formato PNG o JPG, tama\u00f1o pasaporte, con fondo blanco y vestimenta formal. La imagen no debe superar los tres meses de antig\u00fcedad.<\/li>\n<li data-start=\"1523\" data-end=\"1586\">Copia escaneada del DNI o documento migratorio (extranjeros).<\/li>\n<li data-start=\"1589\" data-end=\"1654\">Constancia de pago por derecho de incorporaci\u00f3n (seg\u00fan regi\u00f3n).<\/li>\n<li data-start=\"1657\" data-end=\"1686\">Solicitud de incorporaci\u00f3n. <a href=\"https:\/\/cpp.pe\/cpp\/wp-content\/uploads\/2026\/01\/Solicitud-al-decano-CPP-2026-2027.docx\" target=\"_blank\" rel=\"noopener\">Descargar modelo aqu\u00ed<\/a><\/li>\n<li data-start=\"1689\" data-end=\"1717\">Ficha de datos personales.\u00a0<a href=\"https:\/\/cpp.pe\/cpp\/wp-content\/uploads\/2026\/01\/Ficha-de-datos-CPP-2026-2027.docx\" target=\"_blank\" rel=\"noopener\">Descargar modelo aqu\u00ed<\/a><\/li>\n<li data-start=\"1720\" data-end=\"1747\">Formato de firma digital. <a href=\"https:\/\/cpp.pe\/cpp\/wp-content\/uploads\/2026\/01\/FORMATO-FIRMA-DIGITAL-CPP.docx\" target=\"_blank\" rel=\"noopener\">Descargar modelo aqu\u00ed<\/a><\/li>\n<li data-start=\"1750\" data-end=\"1778\">Certificado \u00fanico laboral. <a href=\"https:\/\/www.empleosperu.gob.pe\/CertificadoUnicoLaboral\/\" target=\"_blank\" rel=\"noopener\">Solic\u00edtalo aqu\u00ed<\/a><\/li>\n<\/ol>\n<\/li>\n<\/ol>\n<p>&nbsp;<\/p>\n<p>&nbsp;<\/p>\n<p><strong>Todos los documentos deben enviarse a la sede regional correspondiente o al correo institucional hasta el d\u00eda 15 de cada mes.<\/strong>[\/vc_column_text][vc_empty_space height=\u00bb20px\u00bb][\/vc_column_inner][\/vc_row_inner]<\/p>\n<\/div>\n<\/section>[\/vc_column][\/vc_row][vc_row css=\u00bb.vc_custom_1750714437112{padding-top: 3rem !important;}\u00bb][vc_column][vc_custom_heading text=\u00bbProceso de colegiatura\u00bb font_container=\u00bbtag:h3|text_align:center|color:%23000000&#8243; use_theme_fonts=\u00bbyes\u00bb css=\u00bb\u00bb][\/vc_column][\/vc_row][vc_row full_width=\u00bbstretch_row_content_no_spaces\u00bb css_animation=\u00bbnone\u00bb bg_type=\u00bbbg_color\u00bb bg_override=\u00bbex-full\u00bb bg_color_value=\u00bb#ffffff\u00bb][vc_column width=\u00bb1\/4&#8243;][\/vc_column][vc_column width=\u00bb1\/2&#8243; el_class=\u00bbno-padding-ipad wide-ipad\u00bb]<div class=\"ult-content-box-container \" >\t\t<div class=\"ult-content-box\" style=\"box-shadow: px px px px none;-webkit-transition: all 700ms ease;-moz-transition: all 700ms ease;-ms-transition: all 700ms ease;-o-transition: all 700ms ease;transition: all 700ms ease;\"  data-hover_box_shadow=\"none\"   data-responsive_margins=\"margin-top:0px;margin-right:15px;margin-bottom:0px;margin-left:15px;\"   ><div class=\"info-wrapper ult-adjust-bottom-margin\"><div id=\"info-circle-wrapper-69e34f04067d1\" data-uniqid=\"69e34f04067d1\" class=\"info-circle-wrapper  info-circle-responsive clipped-info-circle\" data-half-percentage=\"75\" data-circle-type=\"top-circle\"><div class=\"info-c-full-br\" style='border:1px solid rgba(28,12,61,0.2);width:120%;opacity:0;' data-start-degree=\"90\" data-divert=\"\" data-info-circle-angle=\"180\" data-responsive-circle=\"on\" data-responsive-breakpoint=\"600\" data-launch=\"easeOutBounce\" data-launch-duration=\"1\" data-launch-delay=\"0.2\" data-slide-true=\"on\" data-slide-duration=\"5\" data-icon-size=\"38\" data-icon-show=\"show\" data-icon-show-size=\"50\" data-highlight-style=\"info-circle-pulse\" data-focus-on=\"hover\"><div  class=\"icon-circle-list\"><div class=\"info-circle-icons \" style=\"background:#1c0c3d;color:#fcfcfc;border-style:solid;border-width:1px;border-color:rgba(255,255,255,0.2);\" ><i class=\"Defaults-motorcycle info-circle-icon\" ><\/i><\/div><div class=\"info-details\" data-icon-class=\"ult-info-circle-icon\"><div class=\"info-circle-def\"><div  class=\"info-circle-sub-def\"><i class=\"Defaults-motorcycle info-circle-icon\" ><\/i><div class=\"responsive-font-class ult-responsive\" ><h3  data-ultimate-target='#info-cirlce-wrap-9657 .responsive-font-class h3.new-cust-responsive-class'  data-responsive-json-new='{\"font-size\":\"desktop:24px;\",\"line-height\":\"desktop:28px;\"}'  class=\"info-circle-heading ult-responsive new-cust-responsive-class\" style=\"font-family:&#039;Inter&#039;;font-weight:700;\">Paso 1<\/h3><div  class=\"info-circle-text \" style=\"font-family:&#039;Mulish&#039;;font-weight:normal;\"><span style=\"font-weight: 400;\">Envi\u00f3 del expediente en la sede nacional.<\/span><\/div><\/div><\/div><\/div><\/div><div class=\"info-circle-icons \" style=\"background:#1e73be;color:#fcfcfc;border-style:solid;border-width:1px;border-color:rgba(255,255,255,0.2);\" ><i class=\"linearicons-file-preview info-circle-icon\" ><\/i><\/div><div class=\"info-details\" data-icon-class=\"ult-info-circle-icon\"><div class=\"info-circle-def\"><div  class=\"info-circle-sub-def\"><i class=\"linearicons-file-preview info-circle-icon\" ><\/i><div class=\"responsive-font-class ult-responsive\" ><h3  data-ultimate-target='#info-cirlce-wrap-9657 .responsive-font-class h3.new-cust-responsive-class'  data-responsive-json-new='{\"font-size\":\"desktop:24px;\",\"line-height\":\"desktop:28px;\"}'  class=\"info-circle-heading ult-responsive new-cust-responsive-class\" style=\"font-family:&#039;Inter&#039;;font-weight:700;\">Paso 2<\/h3><div  class=\"info-circle-text \" style=\"font-family:&#039;Mulish&#039;;font-weight:normal;\">Verificaci\u00f3n y validaci\u00f3n de documentos por la Secretar\u00eda Nacional.<\/div><\/div><\/div><\/div><\/div><div class=\"info-circle-icons \" style=\"background:#0e8c16;color:#fcfcfc;border-style:solid;border-width:1px;border-color:rgba(255,255,255,0.2);\" ><i class=\"Defaults-check-square-o info-circle-icon\" ><\/i><\/div><div class=\"info-details\" data-icon-class=\"ult-info-circle-icon\"><div class=\"info-circle-def\"><div  class=\"info-circle-sub-def\"><i class=\"Defaults-check-square-o info-circle-icon\" ><\/i><div class=\"responsive-font-class ult-responsive\" ><h3  data-ultimate-target='#info-cirlce-wrap-9657 .responsive-font-class h3.new-cust-responsive-class'  data-responsive-json-new='{\"font-size\":\"desktop:24px;\",\"line-height\":\"desktop:28px;\"}'  class=\"info-circle-heading ult-responsive new-cust-responsive-class\" style=\"font-family:&#039;Inter&#039;;font-weight:700;\">Paso 3<\/h3><div  class=\"info-circle-text \" style=\"font-family:&#039;Mulish&#039;;font-weight:normal;\">Aprobaci\u00f3n por el Director Secretario Nacional.<\/div><\/div><\/div><\/div><\/div><div class=\"info-circle-icons \" style=\"background:#fddb60;color:#fcfcfc;border-style:solid;border-width:1px;border-color:rgba(255,255,255,0.2);\" ><i class=\"linearicons-license2 info-circle-icon\" ><\/i><\/div><div class=\"info-details\" data-icon-class=\"ult-info-circle-icon\"><div class=\"info-circle-def\"><div  class=\"info-circle-sub-def\"><i class=\"linearicons-license2 info-circle-icon\" ><\/i><div class=\"responsive-font-class ult-responsive\" ><h3  data-ultimate-target='#info-cirlce-wrap-9657 .responsive-font-class h3.new-cust-responsive-class'  data-responsive-json-new='{\"font-size\":\"desktop:24px;\",\"line-height\":\"desktop:28px;\"}'  class=\"info-circle-heading ult-responsive new-cust-responsive-class\" style=\"font-family:&#039;Inter&#039;;font-weight:700;\">Paso 4<\/h3><div  class=\"info-circle-text \" style=\"font-family:&#039;Mulish&#039;;font-weight:normal;\"><span style=\"font-weight: 400;\">La sede nacional entrega los documentos en la sede regional.<\/span><\/div><\/div><\/div><\/div><\/div><div class=\"info-circle-icons \" style=\"background:#9b77e0;color:#fcfcfc;border-style:solid;border-width:1px;border-color:rgba(255,255,255,0.2);\" ><i class=\"linearicons-register info-circle-icon\" ><\/i><\/div><div class=\"info-details\" data-icon-class=\"ult-info-circle-icon\"><div class=\"info-circle-def\"><div  class=\"info-circle-sub-def\"><i class=\"linearicons-register info-circle-icon\" ><\/i><div class=\"responsive-font-class ult-responsive\" ><h3  data-ultimate-target='#info-cirlce-wrap-9657 .responsive-font-class h3.new-cust-responsive-class'  data-responsive-json-new='{\"font-size\":\"desktop:24px;\",\"line-height\":\"desktop:28px;\"}'  class=\"info-circle-heading ult-responsive new-cust-responsive-class\" style=\"font-family:&#039;Inter&#039;;font-weight:700;\">Paso 5<\/h3><div  class=\"info-circle-text \" style=\"font-family:&#039;Mulish&#039;;font-weight:normal;\"><span style=\"font-weight: 400;\">Entrega de conformidad por parte de la sede regional y pago a la sede nacional.<\/span><\/div><\/div><\/div><\/div><\/div><div class=\"info-circle-icons \" style=\"background:#dd3333;color:#ffffff;\" ><i class=\"linearicons-medal-empty info-circle-icon\" ><\/i><\/div><div class=\"info-details\" data-icon-class=\"ult-info-circle-icon\"><div class=\"info-circle-def\"><div  class=\"info-circle-sub-def\"><i class=\"linearicons-medal-empty info-circle-icon\" ><\/i><div class=\"responsive-font-class ult-responsive\" ><h3  data-ultimate-target='#info-cirlce-wrap-9657 .responsive-font-class h3.new-cust-responsive-class'  data-responsive-json-new='{\"font-size\":\"desktop:24px;\",\"line-height\":\"desktop:28px;\"}'  class=\"info-circle-heading ult-responsive new-cust-responsive-class\" style=\"font-family:&#039;Inter&#039;;font-weight:700;\">Paso 6<\/h3><div  class=\"info-circle-text \" style=\"font-family:&#039;Mulish&#039;;font-weight:normal;\"><span style=\"font-weight: 400;\">Firma oficial y entrega de kit de incorporaci\u00f3n (Solapero, diploma, medalla y carnet).<\/span><\/div><\/div><\/div><\/div><\/div><div class=\"info-circle-icons suffix-remove\"><\/div><\/div><div id=\"info-cirlce-wrap-9657\" class=\"info-c-full\" style=\"background-color:#1c0c3d;color:#eeecf3;width:70%;height:70%;margin:15%;\"><div class=\"info-c-full-wrap\"><\/div><\/div><\/div><div class=\"smile_icon_list_wrap \" data-content_bg=\"#1c0c3d\" data-content_color=\"#eeecf3\">\n\t\t\t\t\t\t\t<ul id=\"info-cirlce-wrap-9657\" class=\"smile_icon_list left circle with_bg\"><li class=\"icon_list_item\" style=\"font-size:105px;\">\n\t\t\t\t\t\t\t\t\t<div class=\"icon_list_icon\" style=\"font-size:35px;width:35px;height:35px;line-height:1;\">\n\t\t\t\t\t\t\t\t\t\t<i class=\"smt-pencil\"><\/i>\n\t\t\t\t\t\t\t\t\t<\/div>\n\t\t\t\t\t\t\t\t\t<div  class=\"icon_description\" style=\"font-size:35px;\">\n\t\t\t\t\t\t\t\t\t\t<div class=\"responsive-font-class ult-responsive\"  data-ultimate-target='#info-cirlce-wrap-9657 .responsive-font-class *'  data-responsive-json-new='{\"font-size\":\"desktop:15px;\",\"line-height\":\"desktop:24px;\"}'  style=\"font-family:&#039;Mulish&#039;;font-weight:normal;\">\n\t\t\t\t\t\t\t\t\t\t\t<h3  data-ultimate-target='#info-cirlce-wrap-9657 .responsive-font-class h3.new-cust-responsive-class'  data-responsive-json-new='{\"font-size\":\"desktop:24px;\",\"line-height\":\"desktop:28px;\"}'  class=\"ult-responsive new-cust-responsive-class\" style=\"font-family:&#039;Inter&#039;;font-weight:700;\"><\/h3>\n\t\t\t\t\t\t\t\t\t\t\t<p><\/p>\n\t\t\t\t\t\t\t\t\t\t<\/div>\n\t\t\t\t\t\t\t\t\t<\/div>\n\t\t\t\t\t\t\t\t\t<div class=\"icon_list_connector\" style=\" border-style:solid;border-color:rgba(28,12,61,0.2); left:17.5px; top:35px;\">\n\t\t\t\t\t\t\t\t\t<\/div><\/li><\/ul>\n\t\t\t\t\t\t<\/div><\/div><\/div>\t\t<\/div><\/div><div class=\"ult-spacer spacer-69e34f0406e13\" data-id=\"69e34f0406e13\" data-height=\"0\" data-height-mobile=\"60\" data-height-tab=\"0\" data-height-tab-portrait=\"0\" data-height-mobile-landscape=\"60\" style=\"clear:both;display:block;\"><\/div>[\/vc_column][vc_column width=\u00bb1\/4&#8243;][\/vc_column][\/vc_row]<\/p>\n<\/div>","protected":false},"excerpt":{"rendered":"<p>[vc_row css_animation=\u00bbfadeIn\u00bb bg_type=\u00bbimage\u00bb parallax_style=\u00bbvcpb-default\u00bb bg_image_new=\u00bbid^4984|url^https:\/\/cpp.pe\/cpp\/wp-content\/uploads\/2025\/08\/colegiaturacpp.jpg|caption^null|alt^null|title^Dise\u00f1o sin t\u00edtulo &#8211; 4|description^null\u00bb bg_image_repeat=\u00bbno-repeat\u00bb bg_override=\u00bbex-full\u00bb enable_overlay=\u00bbenable_overlay_value\u00bb overlay_color=\u00bbrgba(79,42,147,0.25)\u00bb seperator_enable=\u00bbseperator_enable_value\u00bb seperator_type=\u00bbcurve_up_seperator\u00bb seperator_position=\u00bbbottom_seperator\u00bb seperator_svg_height=\u00bb200&#8243; seperator_shape_background=\u00bb#fefcff\u00bb][vc_column width=\u00bb2\/3&#8243;][\/vc_column][vc_column width=\u00bb1\/3&#8243;][\/vc_column][\/vc_row][vc_row css=\u00bb.vc_custom_1757633753728{padding-bottom: 3rem !important;}\u00bb][vc_column][vc_custom_heading text=\u00bbLa colegiatura: un compromiso con la verdad y la ciudadan\u00eda\u00bb font_container=\u00bbtag:h3|text_align:center\u00bb use_theme_fonts=\u00bbyes\u00bb css=\u00bb\u00bb][vc_empty_space][vc_column_text css=\u00bb\u00bb] Ser parte del Colegio de Periodistas del Per\u00fa no es solo un tr\u00e1mite, es una decisi\u00f3n que refleja [&hellip;]<\/p>\n","protected":false},"author":1,"featured_media":0,"parent":0,"menu_order":0,"comment_status":"closed","ping_status":"closed","template":"page.php","meta":{"footnotes":""},"class_list":["post-1490","page","type-page","status-publish","hentry"],"_links":{"self":[{"href":"https:\/\/cpp.pe\/cpp\/wp-json\/wp\/v2\/pages\/1490","targetHints":{"allow":["GET"]}}],"collection":[{"href":"https:\/\/cpp.pe\/cpp\/wp-json\/wp\/v2\/pages"}],"about":[{"href":"https:\/\/cpp.pe\/cpp\/wp-json\/wp\/v2\/types\/page"}],"author":[{"embeddable":true,"href":"https:\/\/cpp.pe\/cpp\/wp-json\/wp\/v2\/users\/1"}],"replies":[{"embeddable":true,"href":"https:\/\/cpp.pe\/cpp\/wp-json\/wp\/v2\/comments?post=1490"}],"version-history":[{"count":93,"href":"https:\/\/cpp.pe\/cpp\/wp-json\/wp\/v2\/pages\/1490\/revisions"}],"predecessor-version":[{"id":5867,"href":"https:\/\/cpp.pe\/cpp\/wp-json\/wp\/v2\/pages\/1490\/revisions\/5867"}],"wp:attachment":[{"href":"https:\/\/cpp.pe\/cpp\/wp-json\/wp\/v2\/media?parent=1490"}],"curies":[{"name":"wp","href":"https:\/\/api.w.org\/{rel}","templated":true}]}}