{"id":1492,"date":"2022-11-30T15:35:09","date_gmt":"2022-11-30T15:35:09","guid":{"rendered":"https:\/\/preview.treethemes.com\/nyssa\/demo1-clean\/?page_id=1492"},"modified":"2026-03-16T11:13:04","modified_gmt":"2026-03-16T16:13:04","slug":"acerca-del-cpp","status":"publish","type":"page","link":"https:\/\/cpp.pe\/cpp\/acerca-del-cpp\/","title":{"rendered":"Acerca del CPP"},"content":{"rendered":"<div class=\"wpb-content-wrapper\"><p>[vc_row full_width=\u00bbstretch_row_content_no_spaces\u00bb full_height=\u00bbyes\u00bb columns_placement=\u00bbstretch\u00bb equal_height=\u00bbyes\u00bb bg_type=\u00bbbg_color\u00bb bg_override=\u00bbex-full\u00bb bg_color_value=\u00bb#ffffff\u00bb el_class=\u00bbwide-ipad\u00bb][vc_column css_animation=\u00bbfadeInLeft\u00bb width=\u00bb1\/2&#8243; css=\u00bb.vc_custom_1750699243602{background-image: url(https:\/\/cpp.pe\/cpp\/wp-content\/uploads\/2025\/06\/nosotros.jpg?id=4472) !important;background-position: center !important;background-repeat: no-repeat !important;background-size: cover !important;}\u00bb][vc_empty_space height=\u00bb600px\u00bb][\/vc_column][vc_column css_animation=\u00bbfadeInRight\u00bb width=\u00bb1\/2&#8243;]<div class=\"ult-content-box-container \" >\t\t<div class=\"ult-content-box\" style=\"box-shadow: px px px px none;margin:80px;-webkit-transition: all 700ms ease;-moz-transition: all 700ms ease;-ms-transition: all 700ms ease;-o-transition: all 700ms ease;transition: all 700ms ease;\"  data-hover_box_shadow=\"none\"   data-responsive_margins=\"margin:20px;\"   data-normal_margins=\"margin:80px;\"  ><div class=\"ult-spacer spacer-69e1ecdec5569\" data-id=\"69e1ecdec5569\" data-height=\"140\" data-height-mobile=\"0\" data-height-tab=\"100\" data-height-tab-portrait=\"0\" data-height-mobile-landscape=\"0\" style=\"clear:both;display:block;\"><\/div>[vc_custom_heading text=\u00bbUna organizaci\u00f3n que defiende la \u00e9tica, la verdad y la libertad de prensa\u00bb font_container=\u00bbtag:h2|text_align:left\u00bb use_theme_fonts=\u00bbyes\u00bb css=\u00bb\u00bb el_class=\u00bbno-letter-spacing\u00bb][vc_empty_space height=\u00bb10px\u00bb][vc_custom_heading text=\u00bbEstructura s\u00f3lida al servicio del periodismo en todo el Per\u00fa\u00bb font_container=\u00bbtag:h5|text_align:left|color:__USE_THEME_MAIN_COLOR__\u00bb use_theme_fonts=\u00bbyes\u00bb css=\u00bb\u00bb el_class=\u00bbno-letter-spacing\u00bb][vc_empty_space height=\u00bb10px\u00bb][vc_column_text css=\u00bb\u00bb]<\/p>\n<p style=\"text-align: justify;\">El Colegio de Periodistas del Per\u00fa est\u00e1 conformado por un Consejo Directivo Nacional, Consejos Regionales departamentales y provincia constitucional del callao en todo el pa\u00eds, integrados por profesionales con amplia trayectoria y compromiso con la comunicaci\u00f3n. Nuestra organizaci\u00f3n garantiza una gesti\u00f3n transparente, plural y descentralizada, orientada a promover el desarrollo profesional, la defensa gremial y la libertad de expresi\u00f3n. Cada miembro cumple un rol clave en el fortalecimiento del ejercicio period\u00edstico como pilar de la democracia.<\/p>\n<p>[\/vc_column_text][vc_empty_space height=\u00bb10px\u00bb]<div id=\"treethemes-social-networks-shortcode-1\" class=\"widget nyssa_socials_widget\"><div class=\"social-icons-fa align-left\"><ul><li><a href=\"https:\/\/www.facebook.com\/CPPeruPe\" target=\"_blank\" class=\"social-network facebook\" title=\"Facebook\"><i class=\"fab fa-facebook\"><\/i><\/a><\/li><li><a href=\"https:\/\/x.com\/cpperuoficial\" target=\"_blank\" class=\"social-network twitter\" title=\"Twitter\"><i class=\"fab fa-twitter\"><\/i><\/a><\/li><li><a href=\"https:\/\/www.linkedin.com\/company\/81946882\/admin\/dashboard\/\" target=\"_blank\" class=\"social-network linkedin\" title=\"LinkedIn\"><i class=\"fab fa-linkedin\"><\/i><\/a><\/li><li><a href=\"#\" target=\"_blank\" class=\"social-network instagram\" title=\"Instagram\"><i class=\"fab fa-instagram\"><\/i><\/a><\/li><li><a href=\"https:\/\/www.youtube.com\/@colegiodeperiodistasdelper5582\" target=\"_blank\" class=\"social-network youtube\" title=\"Youtube\"><i class=\"fab fa-youtube\"><\/i><\/a><\/li><li><a href=\"https:\/\/www.tiktok.com\/@cpperu\" target=\"_blank\" class=\"social-network tiktok\" title=\"tiktok\"><i class=\"fab fa-tiktok\"><\/i><\/a><\/li><\/ul><\/div><\/div><div class=\"ult-spacer spacer-69e1ecdec5777\" data-id=\"69e1ecdec5777\" data-height=\"\" data-height-mobile=\"50\" data-height-tab=\"\" data-height-tab-portrait=\"50\" data-height-mobile-landscape=\"50\" style=\"clear:both;display:block;\"><\/div>\t\t<\/div><\/div>[\/vc_column][\/vc_row][vc_row css_animation=\u00bbbounceInDown\u00bb css=\u00bb.vc_custom_1750722005112{padding-top: 4rem !important;padding-bottom: 2rem !important;}\u00bb][vc_column width=\u00bb2\/3&#8243;][vc_custom_heading text=\u00bbSobre el Colegio de Periodistas del Per\u00fa\u00bb font_container=\u00bbtag:h3|text_align:left\u00bb use_theme_fonts=\u00bbyes\u00bb css_animation=\u00bbbounceInDown\u00bb css=\u00bb\u00bb][vc_empty_space][vc_column_text css_animation=\u00bbbounceInDown\u00bb css=\u00bb\u00bb]<\/p>\n<p style=\"text-align: justify;\" data-start=\"194\" data-end=\"558\">El Colegio de Periodistas del Per\u00fa (CPP) es la instituci\u00f3n que representa a periodistas y comunicadores en todo el pa\u00eds. Desde sus inicios, ha trabajado con un firme compromiso con la \u00e9tica, la libertad de expresi\u00f3n y la calidad en el ejercicio profesional. Su historia refleja una lucha constante por reconocer al periodismo como una pieza clave de la democracia.<\/p>\n<p style=\"text-align: justify;\" data-start=\"560\" data-end=\"852\">Todo comenz\u00f3 en 1965, con la Ley N.\u00ba 15630, que profesionaliz\u00f3 el periodismo en el Per\u00fa, estableciendo que solo quienes tuvieran formaci\u00f3n acad\u00e9mica podr\u00edan ejercer. Fue un hito impulsado por gremios como la FPP y la ANP, buscando elevar la calidad informativa y frenar el ejercicio informal.<\/p>\n<p style=\"text-align: justify;\" data-start=\"854\" data-end=\"1187\">Quince a\u00f1os despu\u00e9s, en 1980, se consolid\u00f3 esta visi\u00f3n con la creaci\u00f3n oficial del CPP mediante la Ley N.\u00ba 23221. Desde entonces, la instituci\u00f3n se encarga de registrar y habilitar a los periodistas, promover la formaci\u00f3n continua, defender los derechos del gremio y velar por el cumplimiento de principios \u00e9ticos en la comunicaci\u00f3n.<\/p>\n<p>[\/vc_column_text][\/vc_column][vc_column width=\u00bb1\/3&#8243;][vc_custom_heading text=\u00bbMarco Normativo\u00bb font_container=\u00bbtag:h3|text_align:left\u00bb use_theme_fonts=\u00bbyes\u00bb css_animation=\u00bbbounceInDown\u00bb css=\u00bb\u00bb][vc_empty_space]<div class=\" ubtn-ctn-center \"><a class=\"ubtn-link ult-adjust-bottom-margin ubtn-center ubtn-block \" href=\"https:\/\/cpp.pe\/cpp\/wp-content\/uploads\/2025\/10\/ESTATUTO-FINAL.pdf\" target=\"_blank\" rel=\"noopener\" ><button type=\"button\" id=\"ubtn-1257\"  class=\"ubtn ult-adjust-bottom-margin ult-responsive ubtn-block ubtn-no-hover-bg  none  ubtn-center   tooltip-69e1ecdec57d3 ubtn-block\"  data-hover=\"\" data-border-color=\"\" data-bg=\"#8f1018\" data-hover-bg=\"\" data-border-hover=\"\" data-shadow-hover=\"\" data-shadow-click=\"none\" data-shadow=\"\" data-shd-shadow=\"\"  data-ultimate-target='#ubtn-1257'  data-responsive-json-new='{\"font-size\":\"\",\"line-height\":\"\"}'  style=\"font-weight:normal;border-radius:10px;border-width:1px;border-color:;border-style:solid;background: #8f1018;color: #ffffff;\"><span class=\"ubtn-hover\" style=\"background-color:\"><\/span><span class=\"ubtn-data ubtn-text \" >Estatuto, Regalmento y C\u00f3digo de \u00c9tica<\/span><\/button><\/a><\/div><div class=\" ubtn-ctn-center \"><a class=\"ubtn-link ult-adjust-bottom-margin ubtn-center ubtn-block \" href=\"https:\/\/cpp.pe\/cpp\/wp-content\/uploads\/2025\/07\/Ley-del-periodista-.pdf\" target=\"_blank\" rel=\"noopener\" ><button type=\"button\" id=\"ubtn-9300\"  class=\"ubtn ult-adjust-bottom-margin ult-responsive ubtn-block ubtn-no-hover-bg  none  ubtn-center   tooltip-69e1ecdec58f5 ubtn-block\"  data-hover=\"\" data-border-color=\"\" data-bg=\"#8f1018\" data-hover-bg=\"\" data-border-hover=\"\" data-shadow-hover=\"\" data-shadow-click=\"none\" data-shadow=\"\" data-shd-shadow=\"\"  data-ultimate-target='#ubtn-9300'  data-responsive-json-new='{\"font-size\":\"\",\"line-height\":\"\"}'  style=\"font-weight:normal;border-radius:10px;border-width:1px;border-color:;border-style:solid;background: #8f1018;color: #ffffff;\"><span class=\"ubtn-hover\" style=\"background-color:\"><\/span><span class=\"ubtn-data ubtn-text \" >Ley del Periodista<\/span><\/button><\/a><\/div>[\/vc_column][\/vc_row]<\/p>\n<\/div>","protected":false},"excerpt":{"rendered":"<p>[vc_row full_width=\u00bbstretch_row_content_no_spaces\u00bb full_height=\u00bbyes\u00bb columns_placement=\u00bbstretch\u00bb equal_height=\u00bbyes\u00bb bg_type=\u00bbbg_color\u00bb bg_override=\u00bbex-full\u00bb bg_color_value=\u00bb#ffffff\u00bb el_class=\u00bbwide-ipad\u00bb][vc_column css_animation=\u00bbfadeInLeft\u00bb width=\u00bb1\/2&#8243; css=\u00bb.vc_custom_1750699243602{background-image: url(https:\/\/cpp.pe\/cpp\/wp-content\/uploads\/2025\/06\/nosotros.jpg?id=4472) !important;background-position: center !important;background-repeat: no-repeat !important;background-size: cover !important;}\u00bb][vc_empty_space height=\u00bb600px\u00bb][\/vc_column][vc_column css_animation=\u00bbfadeInRight\u00bb width=\u00bb1\/2&#8243;][\/vc_column][\/vc_row][vc_row css_animation=\u00bbbounceInDown\u00bb css=\u00bb.vc_custom_1750722005112{padding-top: 4rem !important;padding-bottom: 2rem !important;}\u00bb][vc_column width=\u00bb2\/3&#8243;][vc_custom_heading text=\u00bbSobre el Colegio de Periodistas del Per\u00fa\u00bb font_container=\u00bbtag:h3|text_align:left\u00bb use_theme_fonts=\u00bbyes\u00bb css_animation=\u00bbbounceInDown\u00bb css=\u00bb\u00bb][vc_empty_space][vc_column_text css_animation=\u00bbbounceInDown\u00bb css=\u00bb\u00bb] El Colegio de Periodistas del Per\u00fa (CPP) es la instituci\u00f3n que representa [&hellip;]<\/p>\n","protected":false},"author":1,"featured_media":0,"parent":0,"menu_order":0,"comment_status":"closed","ping_status":"closed","template":"page.php","meta":{"footnotes":""},"class_list":["post-1492","page","type-page","status-publish","hentry"],"_links":{"self":[{"href":"https:\/\/cpp.pe\/cpp\/wp-json\/wp\/v2\/pages\/1492","targetHints":{"allow":["GET"]}}],"collection":[{"href":"https:\/\/cpp.pe\/cpp\/wp-json\/wp\/v2\/pages"}],"about":[{"href":"https:\/\/cpp.pe\/cpp\/wp-json\/wp\/v2\/types\/page"}],"author":[{"embeddable":true,"href":"https:\/\/cpp.pe\/cpp\/wp-json\/wp\/v2\/users\/1"}],"replies":[{"embeddable":true,"href":"https:\/\/cpp.pe\/cpp\/wp-json\/wp\/v2\/comments?post=1492"}],"version-history":[{"count":56,"href":"https:\/\/cpp.pe\/cpp\/wp-json\/wp\/v2\/pages\/1492\/revisions"}],"predecessor-version":[{"id":6159,"href":"https:\/\/cpp.pe\/cpp\/wp-json\/wp\/v2\/pages\/1492\/revisions\/6159"}],"wp:attachment":[{"href":"https:\/\/cpp.pe\/cpp\/wp-json\/wp\/v2\/media?parent=1492"}],"curies":[{"name":"wp","href":"https:\/\/api.w.org\/{rel}","templated":true}]}}