{"id":4905,"date":"2025-08-13T22:42:45","date_gmt":"2025-08-13T22:42:45","guid":{"rendered":"https:\/\/cpp.pe\/cpp\/?page_id=4905"},"modified":"2025-08-13T23:04:21","modified_gmt":"2025-08-13T23:04:21","slug":"inicio-de-colegiatura","status":"publish","type":"page","link":"https:\/\/cpp.pe\/cpp\/inicio-de-colegiatura\/","title":{"rendered":"Inicio de Colegiatura"},"content":{"rendered":"<div class=\"wpb-content-wrapper\"><p>[vc_row full_width=\u00bbstretch_row_content_no_spaces\u00bb content_placement=\u00bbmiddle\u00bb css=\u00bb.vc_custom_1753756595230{padding-top: 150px !important;padding-bottom: 6rem !important;}\u00bb][vc_column css_animation=\u00bbfadeInLeft\u00bb css=\u00bb.vc_custom_1752789957096{background-position: center !important;background-repeat: no-repeat !important;background-size: cover !important;}\u00bb][vc_empty_space][vc_custom_heading text=\u00bbColegiatura\u00bb font_container=\u00bbtag:h2|text_align:center|color:%23791d1d\u00bb use_theme_fonts=\u00bbyes\u00bb css=\u00bb\u00bb][\/vc_column][\/vc_row][vc_row content_placement=\u00bbmiddle\u00bb css_animation=\u00bbslideInDown\u00bb css=\u00bb.vc_custom_1755125869253{padding-bottom: 3rem !important;}\u00bb][vc_column width=\u00bb1\/2&#8243;][vc_column_text css=\u00bb\u00bb]<\/p>\n<p style=\"text-align: justify;\" data-start=\"197\" data-end=\"392\">Gracias por tu inter\u00e9s en formar parte del <strong data-start=\"240\" data-end=\"275\">Colegio de Periodistas del Per\u00fa<\/strong>, la instituci\u00f3n que representa, promueve y defiende el ejercicio \u00e9tico y profesional del periodismo en nuestro pa\u00eds.<\/p>\n<p style=\"text-align: justify;\" data-start=\"394\" data-end=\"610\">Te invitamos a <strong data-start=\"409\" data-end=\"477\">completar con atenci\u00f3n todos los campos del siguiente formulario<\/strong>, y adjuntar los documentos solicitados en formato digital. Esta informaci\u00f3n es indispensable para iniciar tu proceso de colegiatura.<\/p>\n<p style=\"text-align: justify;\" data-start=\"612\" data-end=\"798\">Una vez enviado tu formulario, el <strong data-start=\"646\" data-end=\"685\">Colegio de Periodistas de tu regi\u00f3n<\/strong> se pondr\u00e1 en contacto contigo para continuar con los siguientes pasos y brindarte toda la orientaci\u00f3n necesaria.<\/p>\n<p>[\/vc_column_text][\/vc_column][vc_column width=\u00bb1\/2&#8243;][vc_single_image image=\u00bb4915&#8243; img_size=\u00bbfull\u00bb alignment=\u00bbcenter\u00bb css=\u00bb\u00bb][\/vc_column][\/vc_row][vc_row full_width=\u00bbstretch_row\u00bb css_animation=\u00bbleft-to-right\u00bb css=\u00bb.vc_custom_1755125610660{padding-top: 3rem !important;padding-bottom: 3rem !important;background-color: #f2f2f2 !important;}\u00bb][vc_column width=\u00bb1\/6&#8243;][\/vc_column][vc_column width=\u00bb4\/6&#8243;]\n<div class=\"wpcf7 no-js\" id=\"wpcf7-f4591-o1\" lang=\"en-US\" dir=\"ltr\" data-wpcf7-id=\"4591\">\n<div class=\"screen-reader-response\"><p role=\"status\" aria-live=\"polite\" aria-atomic=\"true\"><\/p> <ul><\/ul><\/div>\n<form action=\"\/cpp\/wp-json\/wp\/v2\/pages\/4905#wpcf7-f4591-o1\" method=\"post\" class=\"wpcf7-form init\" aria-label=\"Contact form\" enctype=\"multipart\/form-data\" novalidate=\"novalidate\" data-status=\"init\">\n<div style=\"display: none;\">\n<input type=\"hidden\" name=\"_wpcf7\" value=\"4591\" \/>\n<input type=\"hidden\" name=\"_wpcf7_version\" value=\"6.0.5\" \/>\n<input type=\"hidden\" name=\"_wpcf7_locale\" value=\"en_US\" \/>\n<input type=\"hidden\" name=\"_wpcf7_unit_tag\" value=\"wpcf7-f4591-o1\" \/>\n<input type=\"hidden\" name=\"_wpcf7_container_post\" value=\"0\" \/>\n<input type=\"hidden\" name=\"_wpcf7_posted_data_hash\" value=\"\" \/>\n<\/div>\n<div class=\"nyssa-multiple-fields\">\n\t<div class=\"f-name\">\n\t\t<p>Nombres y apellidos <span class=\"cforms-required\">(obligatorio)<\/span>\n\t\t<\/p>\n\t\t<p><span class=\"wpcf7-form-control-wrap\" data-name=\"your-name\"><input size=\"40\" maxlength=\"400\" class=\"wpcf7-form-control wpcf7-text wpcf7-validates-as-required\" aria-required=\"true\" aria-invalid=\"false\" value=\"\" type=\"text\" name=\"your-name\" \/><\/span>\n\t\t<\/p>\n\t<\/div>\n\t<div class=\"f-email\">\n\t\t<p>Email <span class=\"cforms-required\">(obligatorio)<\/span>\n\t\t<\/p>\n\t\t<p><span class=\"wpcf7-form-control-wrap\" data-name=\"your-email\"><input size=\"40\" maxlength=\"400\" class=\"wpcf7-form-control wpcf7-email wpcf7-validates-as-required wpcf7-text wpcf7-validates-as-email\" aria-required=\"true\" aria-invalid=\"false\" value=\"\" type=\"email\" name=\"your-email\" \/><\/span>\n\t\t<\/p>\n\t<\/div>\n\t<div class=\"f-subject\">\n\t\t<p>Tel\u00e9fono de contacto\n\t\t<\/p>\n\t\t<p><span class=\"wpcf7-form-control-wrap\" data-name=\"your-subject\"><input size=\"40\" maxlength=\"400\" class=\"wpcf7-form-control wpcf7-text\" aria-invalid=\"false\" value=\"\" type=\"text\" name=\"your-subject\" \/><\/span>\n\t\t<\/p>\n\t<\/div>\n\t<div class=\"f-service\">\n\t\t<p>Regi\u00f3n\n\t\t<\/p>\n\t\t<p><span class=\"wpcf7-form-control-wrap\" data-name=\"Region\"><select class=\"wpcf7-form-control wpcf7-select wpcf7-validates-as-required\" aria-required=\"true\" aria-invalid=\"false\" name=\"Region\"><option value=\"Amazonas\">Amazonas<\/option><option value=\"Ancash\">Ancash<\/option><option value=\"Apur\u00edmac\">Apur\u00edmac<\/option><option value=\"Arequipa\">Arequipa<\/option><option value=\"Ayacucho\">Ayacucho<\/option><option value=\"Cajamarca\">Cajamarca<\/option><option value=\"Callao (Provincia Constitucional)\">Callao (Provincia Constitucional)<\/option><option value=\"Cusco\">Cusco<\/option><option value=\"Huancavelica\">Huancavelica<\/option><option value=\"Hu\u00e1nuco\">Hu\u00e1nuco<\/option><option value=\"Ica\">Ica<\/option><option value=\"Jun\u00edn\">Jun\u00edn<\/option><option value=\"La Libertad\">La Libertad<\/option><option value=\"Lambayeque\">Lambayeque<\/option><option value=\"Lima\">Lima<\/option><option value=\"Loreto\">Loreto<\/option><option value=\"Madre de Dios\">Madre de Dios<\/option><option value=\"Moquegua\">Moquegua<\/option><option value=\"Pasco\">Pasco<\/option><option value=\"Piura\">Piura<\/option><option value=\"Puno\">Puno<\/option><option value=\"San Mart\u00edn\">San Mart\u00edn<\/option><option value=\"Tacna\">Tacna<\/option><option value=\"Tumbes\">Tumbes<\/option><option value=\"Ucayali\">Ucayali<\/option><\/select><\/span>\n\t\t<\/p>\n\t<\/div>\n\t<div class=\"f-subjetc\">\n\t\t<p>T\u00edtulo Profesional\n\t\t<\/p>\n\t\t<p><span class=\"wpcf7-form-control-wrap\" data-name=\"Tu-Titulo\"><input size=\"40\" class=\"wpcf7-form-control wpcf7-file\" accept=\".pdf\" aria-invalid=\"false\" type=\"file\" name=\"Tu-Titulo\" \/><\/span>\n\t\t<\/p>\n\t<\/div>\n\t<div class=\"f-subjetc\">\n\t\t<p>DNI\n\t\t<\/p>\n\t\t<p><span class=\"wpcf7-form-control-wrap\" data-name=\"Tu-DNI\"><input size=\"40\" class=\"wpcf7-form-control wpcf7-file\" accept=\".pdf\" aria-invalid=\"false\" type=\"file\" name=\"Tu-DNI\" \/><\/span>\n\t\t<\/p>\n\t<\/div>\n\t<div class=\"f-subjetc\">\n\t\t<p>Ficha de datos personales\n\t\t<\/p>\n\t\t<p><span class=\"wpcf7-form-control-wrap\" data-name=\"Tu-Ficha\"><input size=\"40\" class=\"wpcf7-form-control wpcf7-file\" accept=\".pdf\" aria-invalid=\"false\" type=\"file\" name=\"Tu-Ficha\" \/><\/span>\n\t\t<\/p>\n\t<\/div>\n\t<div class=\"f-subjetc\">\n\t\t<p>Carta\n\t\t<\/p>\n\t\t<p><span class=\"wpcf7-form-control-wrap\" data-name=\"file-Carta\"><input size=\"40\" class=\"wpcf7-form-control wpcf7-file\" accept=\".pdf\" aria-invalid=\"false\" type=\"file\" name=\"file-Carta\" \/><\/span>\n\t\t<\/p>\n\t<\/div>\n\t<div class=\"f-subjetc\">\n\t\t<p>Formato de Firmas\n\t\t<\/p>\n\t\t<p><span class=\"wpcf7-form-control-wrap\" data-name=\"Tu-Firmas\"><input size=\"40\" class=\"wpcf7-form-control wpcf7-file\" accept=\".pdf\" aria-invalid=\"false\" type=\"file\" name=\"Tu-Firmas\" \/><\/span>\n\t\t<\/p>\n\t<\/div>\n\t<div class=\"f-subjetc\">\n\t\t<p>Voucher de pago\n\t\t<\/p>\n\t\t<p><span class=\"wpcf7-form-control-wrap\" data-name=\"Voucher\"><input size=\"40\" class=\"wpcf7-form-control wpcf7-file\" accept=\".pdf\" aria-invalid=\"false\" type=\"file\" name=\"Voucher\" \/><\/span>\n\t\t<\/p>\n\t<\/div>\n\t<div class=\"f-subjetc\">\n\t\t<p>Fotograf\u00eda digital\n\t\t<\/p>\n\t\t<p><span class=\"wpcf7-form-control-wrap\" data-name=\"CV\"><input size=\"40\" class=\"wpcf7-form-control wpcf7-file\" accept=\".pdf\" aria-invalid=\"false\" type=\"file\" name=\"CV\" \/><\/span>\n\t\t<\/p>\n\t<\/div>\n\t<div class=\"f-subjetc\">\n\t\t<p>Certificado \u00danico Laboral\n\t\t<\/p>\n\t\t<p><span class=\"wpcf7-form-control-wrap\" data-name=\"CUL\"><input size=\"40\" class=\"wpcf7-form-control wpcf7-file\" accept=\".pdf\" aria-invalid=\"false\" type=\"file\" name=\"CUL\" \/><\/span>\n\t\t<\/p>\n\t\t<div class=\"f-message\">\n\t\t\t<p>Mensaje\n\t\t\t<\/p>\n\t\t\t<p><span class=\"wpcf7-form-control-wrap\" data-name=\"your-message\"><textarea cols=\"40\" rows=\"10\" maxlength=\"2000\" class=\"wpcf7-form-control wpcf7-textarea\" aria-invalid=\"false\" name=\"your-message\"><\/textarea><\/span>\n\t\t\t<\/p>\n\t\t<\/div>\n\t\t<div class=\"bt-contact center\">\n\t\t\t<p><a class=\"btn-contact-left\"><input class=\"wpcf7-form-control wpcf7-submit has-spinner\" type=\"submit\" value=\"Enviar\" \/><\/a>\n\t\t\t<\/p>\n\t\t<\/div>\n\t<\/div>\n<\/div><input type='hidden' class='wpcf7-pum' value='{\"closepopup\":false,\"closedelay\":0,\"openpopup\":false,\"openpopup_id\":0}' \/><div class=\"wpcf7-response-output\" aria-hidden=\"true\"><\/div>\n<\/form>\n<\/div>\n[\/vc_column][vc_column width=\u00bb1\/6&#8243;][\/vc_column][\/vc_row]<\/p>\n<\/div>","protected":false},"excerpt":{"rendered":"<p>[vc_row full_width=\u00bbstretch_row_content_no_spaces\u00bb content_placement=\u00bbmiddle\u00bb css=\u00bb.vc_custom_1753756595230{padding-top: 150px !important;padding-bottom: 6rem !important;}\u00bb][vc_column css_animation=\u00bbfadeInLeft\u00bb css=\u00bb.vc_custom_1752789957096{background-position: center !important;background-repeat: no-repeat !important;background-size: cover !important;}\u00bb][vc_empty_space][vc_custom_heading text=\u00bbColegiatura\u00bb font_container=\u00bbtag:h2|text_align:center|color:%23791d1d\u00bb use_theme_fonts=\u00bbyes\u00bb css=\u00bb\u00bb][\/vc_column][\/vc_row][vc_row content_placement=\u00bbmiddle\u00bb css_animation=\u00bbslideInDown\u00bb css=\u00bb.vc_custom_1755125869253{padding-bottom: 3rem !important;}\u00bb][vc_column width=\u00bb1\/2&#8243;][vc_column_text css=\u00bb\u00bb] Gracias por tu inter\u00e9s en formar parte del Colegio de Periodistas del Per\u00fa, la instituci\u00f3n que representa, promueve y defiende el ejercicio \u00e9tico y profesional del periodismo en [&hellip;]<\/p>\n","protected":false},"author":1,"featured_media":0,"parent":0,"menu_order":0,"comment_status":"closed","ping_status":"closed","template":"page.php","meta":{"footnotes":""},"class_list":["post-4905","page","type-page","status-publish","hentry"],"_links":{"self":[{"href":"https:\/\/cpp.pe\/cpp\/wp-json\/wp\/v2\/pages\/4905","targetHints":{"allow":["GET"]}}],"collection":[{"href":"https:\/\/cpp.pe\/cpp\/wp-json\/wp\/v2\/pages"}],"about":[{"href":"https:\/\/cpp.pe\/cpp\/wp-json\/wp\/v2\/types\/page"}],"author":[{"embeddable":true,"href":"https:\/\/cpp.pe\/cpp\/wp-json\/wp\/v2\/users\/1"}],"replies":[{"embeddable":true,"href":"https:\/\/cpp.pe\/cpp\/wp-json\/wp\/v2\/comments?post=4905"}],"version-history":[{"count":8,"href":"https:\/\/cpp.pe\/cpp\/wp-json\/wp\/v2\/pages\/4905\/revisions"}],"predecessor-version":[{"id":4916,"href":"https:\/\/cpp.pe\/cpp\/wp-json\/wp\/v2\/pages\/4905\/revisions\/4916"}],"wp:attachment":[{"href":"https:\/\/cpp.pe\/cpp\/wp-json\/wp\/v2\/media?parent=4905"}],"curies":[{"name":"wp","href":"https:\/\/api.w.org\/{rel}","templated":true}]}}