{"id":5291,"date":"2025-09-30T17:10:20","date_gmt":"2025-09-30T22:10:20","guid":{"rendered":"https:\/\/cpp.pe\/cpp\/?page_id=5291"},"modified":"2025-10-01T09:18:27","modified_gmt":"2025-10-01T14:18:27","slug":"cursos-2023","status":"publish","type":"page","link":"https:\/\/cpp.pe\/cpp\/cursos-2023\/","title":{"rendered":"Cursos 2023"},"content":{"rendered":"<div class=\"wpb-content-wrapper\"><p>[vc_row full_width=\u00bbstretch_row_content_no_spaces\u00bb content_placement=\u00bbmiddle\u00bb css=\u00bb.vc_custom_1753755511517{padding-top: 150px !important;padding-bottom: 6rem !important;}\u00bb][vc_column css_animation=\u00bbfadeInLeft\u00bb css=\u00bb.vc_custom_1752789957096{background-position: center !important;background-repeat: no-repeat !important;background-size: cover !important;}\u00bb][vc_empty_space][vc_custom_heading text=\u00bbCursos 2023&#8243; font_container=\u00bbtag:h2|text_align:center|color:%23791d1d\u00bb use_theme_fonts=\u00bbyes\u00bb css=\u00bb\u00bb][\/vc_column][\/vc_row][vc_row css_animation=\u00bbleft-to-right\u00bb][vc_column width=\u00bb1\/5&#8243;][vc_single_image image=\u00bb4675&#8243; img_size=\u00bbfull\u00bb alignment=\u00bbcenter\u00bb css=\u00bb\u00bb][vc_empty_space height=\u00bb22px\u00bb][vc_custom_heading text=\u00bbComunicaci\u00f3n Estrat\u00e9gica en el Sector P\u00fablico\u00bb font_container=\u00bbtag:h6|text_align:center|color:%23000000&#8243; use_theme_fonts=\u00bbyes\u00bb css=\u00bb\u00bb][vc_empty_space height=\u00bb22px\u00bb][vc_btn title=\u00bbAlumnos\u00bb style=\u00bbcustom\u00bb custom_background=\u00bb#7a1d1d\u00bb custom_text=\u00bb#ffffff\u00bb align=\u00bbcenter\u00bb css=\u00bb\u00bb button_block=\u00bbtrue\u00bb link=\u00bburl:https%3A%2F%2Fcpp.pe%2Fcpp%2Fwp-content%2Fuploads%2F2025%2F10%2FComunicacion-Estrategica-en-el-Sector-Publico.pdf|target:_blank\u00bb][\/vc_column][vc_column width=\u00bb1\/5&#8243;][vc_single_image image=\u00bb4676&#8243; img_size=\u00bbfull\u00bb alignment=\u00bbcenter\u00bb css=\u00bb\u00bb][vc_empty_space height=\u00bb22px\u00bb][vc_custom_heading text=\u00bbConferencia<br \/>\nPeriodismo\u00bb font_container=\u00bbtag:h6|text_align:center|color:%23000000&#8243; css=\u00bb\u00bb][vc_empty_space height=\u00bb22px\u00bb][vc_btn title=\u00bbAlumnos\u00bb style=\u00bbcustom\u00bb custom_background=\u00bb#7a1d1d\u00bb custom_text=\u00bb#ffffff\u00bb align=\u00bbcenter\u00bb css=\u00bb\u00bb button_block=\u00bbtrue\u00bb link=\u00bburl:https%3A%2F%2Fcpp.pe%2Fcpp%2Fwp-content%2Fuploads%2F2025%2F10%2FConferencia-periodismo.pdf|target:_blank\u00bb][\/vc_column][vc_column width=\u00bb1\/5&#8243;][vc_single_image image=\u00bb4677&#8243; img_size=\u00bbfull\u00bb alignment=\u00bbcenter\u00bb css=\u00bb\u00bb][vc_empty_space height=\u00bb22px\u00bb][vc_custom_heading text=\u00bbConferencia\u00bb font_container=\u00bbtag:h6|text_align:center|color:%23000000&#8243; css=\u00bb\u00bb][vc_empty_space height=\u00bb22px\u00bb][vc_btn title=\u00bbAlumnos\u00bb style=\u00bbcustom\u00bb custom_background=\u00bb#7a1d1d\u00bb custom_text=\u00bb#ffffff\u00bb align=\u00bbcenter\u00bb css=\u00bb\u00bb button_block=\u00bbtrue\u00bb link=\u00bburl:https%3A%2F%2Fcpp.pe%2Fcpp%2Fwp-content%2Fuploads%2F2025%2F10%2FConferencia.pdf|target:_blank\u00bb][\/vc_column][vc_column width=\u00bb1\/5&#8243;][vc_single_image image=\u00bb4678&#8243; img_size=\u00bbfull\u00bb alignment=\u00bbcenter\u00bb css=\u00bb\u00bb][vc_empty_space height=\u00bb22px\u00bb][vc_custom_heading text=\u00bbGesti\u00f3n de Redes<br \/>\nSociales\u00bb font_container=\u00bbtag:h6|text_align:center|color:%23000000&#8243; use_theme_fonts=\u00bbyes\u00bb css=\u00bb\u00bb][vc_empty_space height=\u00bb22px\u00bb][vc_btn title=\u00bbAlumnos\u00bb style=\u00bbcustom\u00bb custom_background=\u00bb#7a1d1d\u00bb custom_text=\u00bb#ffffff\u00bb align=\u00bbcenter\u00bb css=\u00bb\u00bb button_block=\u00bbtrue\u00bb link=\u00bburl:https%3A%2F%2Fcpp.pe%2Fcpp%2Fwp-content%2Fuploads%2F2025%2F10%2FGestion-en-Redes-Sociales.pdf|target:_blank\u00bb][\/vc_column][vc_column width=\u00bb1\/5&#8243;][vc_single_image image=\u00bb4679&#8243; img_size=\u00bbfull\u00bb alignment=\u00bbcenter\u00bb css=\u00bb\u00bb][vc_empty_space height=\u00bb22px\u00bb][vc_custom_heading text=\u00bbManejo de Conflictos<br \/>\nSociales\u00bb font_container=\u00bbtag:h6|text_align:center|color:%23000000&#8243; use_theme_fonts=\u00bbyes\u00bb css=\u00bb\u00bb][vc_empty_space height=\u00bb22px\u00bb][vc_btn title=\u00bbAlumnos\u00bb style=\u00bbcustom\u00bb custom_background=\u00bb#7a1d1d\u00bb custom_text=\u00bb#ffffff\u00bb align=\u00bbcenter\u00bb css=\u00bb\u00bb button_block=\u00bbtrue\u00bb link=\u00bburl:https%3A%2F%2Fcpp.pe%2Fcpp%2Fwp-content%2Fuploads%2F2025%2F10%2FManejo-de-Conflictos-Sociales.pdf|target:_blank\u00bb][\/vc_column][\/vc_row][vc_row css_animation=\u00bbleft-to-right\u00bb css=\u00bb.vc_custom_1759270777969{padding-top: 2rem !important;}\u00bb][vc_column width=\u00bb1\/5&#8243;][vc_single_image image=\u00bb4675&#8243; img_size=\u00bbfull\u00bb alignment=\u00bbcenter\u00bb css=\u00bb\u00bb][vc_empty_space height=\u00bb22px\u00bb][vc_custom_heading text=\u00bbMarketing<br \/>\nDigital\u00bb font_container=\u00bbtag:h6|text_align:center|color:%23000000&#8243; use_theme_fonts=\u00bbyes\u00bb css=\u00bb\u00bb][vc_empty_space height=\u00bb22px\u00bb][vc_btn title=\u00bbAlumnos\u00bb style=\u00bbcustom\u00bb custom_background=\u00bb#7a1d1d\u00bb custom_text=\u00bb#ffffff\u00bb align=\u00bbcenter\u00bb css=\u00bb\u00bb button_block=\u00bbtrue\u00bb link=\u00bburl:https%3A%2F%2Fcpp.pe%2Fcpp%2Fwp-content%2Fuploads%2F2025%2F10%2FMarketing-Digital.pdf|target:_blank\u00bb][\/vc_column][vc_column width=\u00bb1\/5&#8243;][vc_single_image image=\u00bb4676&#8243; img_size=\u00bbfull\u00bb alignment=\u00bbcenter\u00bb css=\u00bb\u00bb][vc_empty_space height=\u00bb22px\u00bb][vc_custom_heading text=\u00bbPeriodismo<br \/>\nde Investigaci\u00f3n\u00bb font_container=\u00bbtag:h6|text_align:center|color:%23000000&#8243; css=\u00bb\u00bb][vc_empty_space height=\u00bb22px\u00bb][vc_btn title=\u00bbAlumnos\u00bb style=\u00bbcustom\u00bb custom_background=\u00bb#7a1d1d\u00bb custom_text=\u00bb#ffffff\u00bb align=\u00bbcenter\u00bb css=\u00bb\u00bb button_block=\u00bbtrue\u00bb link=\u00bburl:https%3A%2F%2Fcpp.pe%2Fcpp%2Fwp-content%2Fuploads%2F2025%2F10%2FPeriodismo-de-Investigacion.pdf|target:_blank\u00bb][\/vc_column][vc_column width=\u00bb1\/5&#8243;][vc_single_image image=\u00bb4677&#8243; img_size=\u00bbfull\u00bb alignment=\u00bbcenter\u00bb css=\u00bb\u00bb][vc_empty_space height=\u00bb22px\u00bb][vc_custom_heading text=\u00bbPeriodismo<br \/>\nDigital\u00bb font_container=\u00bbtag:h6|text_align:center|color:%23000000&#8243; css=\u00bb\u00bb][vc_empty_space height=\u00bb22px\u00bb][vc_btn title=\u00bbAlumnos\u00bb style=\u00bbcustom\u00bb custom_background=\u00bb#7a1d1d\u00bb custom_text=\u00bb#ffffff\u00bb align=\u00bbcenter\u00bb css=\u00bb\u00bb button_block=\u00bbtrue\u00bb link=\u00bburl:https%3A%2F%2Fcpp.pe%2Fcpp%2Fwp-content%2Fuploads%2F2025%2F10%2FPeriodismo-Digital.pdf|target:_blank\u00bb][\/vc_column][vc_column width=\u00bb1\/5&#8243;][vc_single_image image=\u00bb4678&#8243; img_size=\u00bbfull\u00bb alignment=\u00bbcenter\u00bb css=\u00bb\u00bb][vc_empty_space height=\u00bb22px\u00bb][vc_custom_heading text=\u00bbRedacci\u00f3n<br \/>\nDigital\u00bb font_container=\u00bbtag:h6|text_align:center|color:%23000000&#8243; use_theme_fonts=\u00bbyes\u00bb css=\u00bb\u00bb][vc_empty_space height=\u00bb22px\u00bb][vc_btn title=\u00bbAlumnos\u00bb style=\u00bbcustom\u00bb custom_background=\u00bb#7a1d1d\u00bb custom_text=\u00bb#ffffff\u00bb align=\u00bbcenter\u00bb css=\u00bb\u00bb button_block=\u00bbtrue\u00bb link=\u00bburl:https%3A%2F%2Fcpp.pe%2Fcpp%2Fwp-content%2Fuploads%2F2025%2F10%2FRedaccion-Digital.pdf|target:_blank\u00bb][\/vc_column][vc_column width=\u00bb1\/5&#8243;][vc_single_image image=\u00bb4679&#8243; img_size=\u00bbfull\u00bb alignment=\u00bbcenter\u00bb css=\u00bb\u00bb][vc_empty_space height=\u00bb22px\u00bb][vc_custom_heading text=\u00bbT\u00e9cnicas Cinematogr\u00e1ficas en<br \/>\nel Trabajo Period\u00edstico\u00bb font_container=\u00bbtag:h6|text_align:center|color:%23000000&#8243; use_theme_fonts=\u00bbyes\u00bb css=\u00bb\u00bb][vc_empty_space height=\u00bb22px\u00bb][vc_btn title=\u00bbAlumnos\u00bb style=\u00bbcustom\u00bb custom_background=\u00bb#7a1d1d\u00bb custom_text=\u00bb#ffffff\u00bb align=\u00bbcenter\u00bb css=\u00bb\u00bb button_block=\u00bbtrue\u00bb link=\u00bburl:https%3A%2F%2Fcpp.pe%2Fcpp%2Fwp-content%2Fuploads%2F2025%2F10%2FTecnicas-Cinematograficas-en-el-Trabajo-Periodistico.pdf|target:_blank\u00bb][\/vc_column][\/vc_row][vc_row css=\u00bb.vc_custom_1752808383324{padding-top: 5rem !important;}\u00bb][vc_column][\/vc_column][\/vc_row]<\/p>\n<\/div>","protected":false},"excerpt":{"rendered":"<p>[vc_row full_width=\u00bbstretch_row_content_no_spaces\u00bb content_placement=\u00bbmiddle\u00bb css=\u00bb.vc_custom_1753755511517{padding-top: 150px !important;padding-bottom: 6rem !important;}\u00bb][vc_column css_animation=\u00bbfadeInLeft\u00bb css=\u00bb.vc_custom_1752789957096{background-position: center !important;background-repeat: no-repeat !important;background-size: cover !important;}\u00bb][vc_empty_space][vc_custom_heading text=\u00bbCursos 2023&#8243; font_container=\u00bbtag:h2|text_align:center|color:%23791d1d\u00bb use_theme_fonts=\u00bbyes\u00bb css=\u00bb\u00bb][\/vc_column][\/vc_row][vc_row css_animation=\u00bbleft-to-right\u00bb][vc_column width=\u00bb1\/5&#8243;][vc_single_image image=\u00bb4675&#8243; img_size=\u00bbfull\u00bb alignment=\u00bbcenter\u00bb css=\u00bb\u00bb][vc_empty_space height=\u00bb22px\u00bb][vc_custom_heading text=\u00bbComunicaci\u00f3n Estrat\u00e9gica en el Sector P\u00fablico\u00bb font_container=\u00bbtag:h6|text_align:center|color:%23000000&#8243; use_theme_fonts=\u00bbyes\u00bb css=\u00bb\u00bb][vc_empty_space height=\u00bb22px\u00bb][vc_btn title=\u00bbAlumnos\u00bb style=\u00bbcustom\u00bb custom_background=\u00bb#7a1d1d\u00bb custom_text=\u00bb#ffffff\u00bb align=\u00bbcenter\u00bb css=\u00bb\u00bb button_block=\u00bbtrue\u00bb link=\u00bburl:https%3A%2F%2Fcpp.pe%2Fcpp%2Fwp-content%2Fuploads%2F2025%2F10%2FComunicacion-Estrategica-en-el-Sector-Publico.pdf|target:_blank\u00bb][\/vc_column][vc_column width=\u00bb1\/5&#8243;][vc_single_image image=\u00bb4676&#8243; img_size=\u00bbfull\u00bb alignment=\u00bbcenter\u00bb css=\u00bb\u00bb][vc_empty_space height=\u00bb22px\u00bb][vc_custom_heading text=\u00bbConferencia Periodismo\u00bb font_container=\u00bbtag:h6|text_align:center|color:%23000000&#8243; [&hellip;]<\/p>\n","protected":false},"author":1,"featured_media":0,"parent":0,"menu_order":0,"comment_status":"closed","ping_status":"closed","template":"page.php","meta":{"footnotes":""},"class_list":["post-5291","page","type-page","status-publish","hentry"],"_links":{"self":[{"href":"https:\/\/cpp.pe\/cpp\/wp-json\/wp\/v2\/pages\/5291","targetHints":{"allow":["GET"]}}],"collection":[{"href":"https:\/\/cpp.pe\/cpp\/wp-json\/wp\/v2\/pages"}],"about":[{"href":"https:\/\/cpp.pe\/cpp\/wp-json\/wp\/v2\/types\/page"}],"author":[{"embeddable":true,"href":"https:\/\/cpp.pe\/cpp\/wp-json\/wp\/v2\/users\/1"}],"replies":[{"embeddable":true,"href":"https:\/\/cpp.pe\/cpp\/wp-json\/wp\/v2\/comments?post=5291"}],"version-history":[{"count":9,"href":"https:\/\/cpp.pe\/cpp\/wp-json\/wp\/v2\/pages\/5291\/revisions"}],"predecessor-version":[{"id":5317,"href":"https:\/\/cpp.pe\/cpp\/wp-json\/wp\/v2\/pages\/5291\/revisions\/5317"}],"wp:attachment":[{"href":"https:\/\/cpp.pe\/cpp\/wp-json\/wp\/v2\/media?parent=5291"}],"curies":[{"name":"wp","href":"https:\/\/api.w.org\/{rel}","templated":true}]}}