{"id":6158,"date":"2026-03-16T11:18:26","date_gmt":"2026-03-16T16:18:26","guid":{"rendered":"https:\/\/cpp.pe\/cpp\/?page_id=6158"},"modified":"2026-03-16T12:06:00","modified_gmt":"2026-03-16T17:06:00","slug":"consejo-directivo-nacional","status":"publish","type":"page","link":"https:\/\/cpp.pe\/cpp\/consejo-directivo-nacional\/","title":{"rendered":"Consejo Directivo Nacional"},"content":{"rendered":"<div class=\"wpb-content-wrapper\"><p>[vc_row full_width=\u00bbstretch_row_content_no_spaces\u00bb bg_type=\u00bbbg_color\u00bb bg_override=\u00bbex-full\u00bb bg_color_value=\u00bb#ffffff\u00bb el_class=\u00bbwide-ipad\u00bb css=\u00bb.vc_custom_1773677810333{padding-bottom: 5rem !important;}\u00bb][vc_column css_animation=\u00bbfadeInLeft\u00bb width=\u00bb1\/2&#8243; css=\u00bb.vc_custom_1773677750381{background-position: center !important;background-repeat: no-repeat !important;background-size: cover !important;}\u00bb][\/vc_column][vc_column css_animation=\u00bbfadeInRight\u00bb width=\u00bb1\/2&#8243;][\/vc_column][\/vc_row][vc_row css_animation=\u00bbbounceInDown\u00bb bg_type=\u00bbbg_color\u00bb bg_override=\u00bbex-full\u00bb css=\u00bb.vc_custom_1750722025976{padding-top: 4rem !important;padding-bottom: 4rem !important;}\u00bb bg_color_value=\u00bb#f4f4f4&#8243;][vc_column][vc_custom_heading text=\u00bbConsejo Directivo Nacional\u00bb font_container=\u00bbtag:h3|text_align:center\u00bb use_theme_fonts=\u00bbyes\u00bb css=\u00bb\u00bb][vc_empty_space][vc_row_inner][vc_column_inner width=\u00bb1\/2&#8243;][vc_single_image image=\u00bb5774&#8243; img_size=\u00bbfull\u00bb alignment=\u00bbcenter\u00bb css=\u00bb\u00bb][\/vc_column_inner][vc_column_inner width=\u00bb1\/2&#8243;][vc_custom_heading text=\u00bbAndr\u00e9s Tom\u00e1s Z\u00fa\u00f1iga Pimentel\u00bb font_container=\u00bbtag:h4|text_align:left\u00bb use_theme_fonts=\u00bbyes\u00bb css=\u00bb\u00bb][vc_custom_heading text=\u00bbDecano Nacional\u00bb font_container=\u00bbtag:h5|text_align:left\u00bb use_theme_fonts=\u00bbyes\u00bb css=\u00bb\u00bb][vc_column_text css_animation=\u00bbbounceInRight\u00bb css=\u00bb\u00bb]<\/p>\n<p style=\"text-align: justify;\">Licenciado en Periodismo por la Universidad Jaime Bausate y Meza. Mag\u00edster en Docencia Universitaria por la Universidad C\u00e9sar Vallejo, ejerciendo simult\u00e1neamente la docencia en siete (07) institutos superiores y universidades privadas.<\/p>\n<p style=\"text-align: justify;\">Cuenta con m\u00e1s de 40 a\u00f1os de trayectoria period\u00edstica, desarrollando misiones informativas en diarios como El Popular, El Informal y El Nacional; en revistas Testigo y Tele Flash; y en radio San Borja, a trav\u00e9s del programa \u201cTiempos Nuevos\u201d.<\/p>\n<p style=\"text-align: justify;\">Asimismo, ha desempe\u00f1ado una destacada labor en televisi\u00f3n durante 20 a\u00f1os consecutivos en Global TV Canal 13 (03 a\u00f1os), Latina Televisi\u00f3n (02 a\u00f1os) y Panamericana Televisi\u00f3n (15 a\u00f1os).<\/p>\n<p style=\"text-align: justify;\">De igual manera, ha ejercido funciones en prensa institucional en las municipalidades de Lima y Miraflores.<\/p>\n<p style=\"text-align: justify;\">Actualmente, ejerce su profesi\u00f3n de periodista y comunicador en el Congreso de la Rep\u00fablica, desempe\u00f1\u00e1ndose como asesor de prensa en un despacho congresal.<\/p>\n<p>[\/vc_column_text][\/vc_column_inner][\/vc_row_inner][vc_empty_space][vc_row_inner][vc_column_inner width=\u00bb1\/4&#8243;][vc_single_image image=\u00bb6128&#8243; img_size=\u00bbfull\u00bb alignment=\u00bbcenter\u00bb css=\u00bb\u00bb][vc_empty_space][vc_custom_heading text=\u00bbFlor Elizabeth Mu\u00f1oz Apaza\u00bb font_container=\u00bbtag:h4|text_align:center\u00bb use_theme_fonts=\u00bbyes\u00bb css=\u00bb\u00bb][vc_custom_heading text=\u00bbPrimera Vicedecana Nacional\u00bb font_container=\u00bbtag:h6|text_align:center\u00bb use_theme_fonts=\u00bbyes\u00bb css=\u00bb\u00bb][vc_column_text css=\u00bb\u00bb]<\/p>\n<p style=\"text-align: justify;\">Mg. Flor Elizabeth Mu\u00f1oz Apaza es una profesional con m\u00e1s de 25 a\u00f1os de experiencia en el ejercicio del periodismo, desarrollada tanto en diversos medios de comunicaci\u00f3n social como en oficinas de comunicaci\u00f3n del sector p\u00fablico. Fue decana del Colegio de Periodistas de Arequipa durante el per\u00edodo 2022\u20132023.<\/p>\n<p style=\"text-align: justify;\">Actualmente, se desempe\u00f1a como directora de Empleo y Capacitaci\u00f3n Laboral en la Gerencia Regional de Trabajo y Promoci\u00f3n del Empleo de Arequipa. Asimismo, cuenta con experiencia acad\u00e9mica como docente en la Escuela Profesional de Comunicaci\u00f3n de la Universidad Cat\u00f3lica de Santa Mar\u00eda de Arequipa.<\/p>\n<p>[\/vc_column_text][\/vc_column_inner][vc_column_inner width=\u00bb1\/4&#8243;][vc_single_image image=\u00bb6129&#8243; img_size=\u00bbfull\u00bb alignment=\u00bbcenter\u00bb css=\u00bb\u00bb][vc_empty_space][vc_custom_heading text=\u00bbFernando Lino Huam\u00e1n Espinoza\u00bb font_container=\u00bbtag:h4|text_align:center\u00bb use_theme_fonts=\u00bbyes\u00bb css=\u00bb\u00bb][vc_custom_heading text=\u00bbSegundo Vicedecano Nacional\u00bb font_container=\u00bbtag:h6|text_align:center\u00bb use_theme_fonts=\u00bbyes\u00bb css=\u00bb\u00bb][vc_column_text css=\u00bb\u00bb]<\/p>\n<p style=\"text-align: justify;\">Doctorando en Educaci\u00f3n, mag\u00edster en Comunicaci\u00f3n para el Desarrollo, licenciado en Ciencias de la Comunicaci\u00f3n, abogado y docente universitario.<\/p>\n<p style=\"text-align: justify;\">Cuenta con 50 a\u00f1os de ejercicio en el periodismo. Ha sido decano en dos oportunidades del Colegio de Periodistas de Ica y es actual secretario general Nacional de la Federaci\u00f3n de Periodistas del Per\u00fa. Asimismo, es directivo del C\u00edrculo de Periodistas Deportivos del Per\u00fa, filial Ica.<\/p>\n<p style=\"text-align: justify;\">Ha laborado en diversos medios de comunicaci\u00f3n, fue jefe de Comunicaciones de la DIRESA Ica, asesor en el Congreso de la Rep\u00fablica y actualmente se desempe\u00f1a como director y conductor del programa <em>Encuentro de Opiniones.<\/em><\/p>\n<p>[\/vc_column_text][\/vc_column_inner][vc_column_inner width=\u00bb1\/4&#8243;][vc_single_image image=\u00bb6130&#8243; img_size=\u00bbfull\u00bb alignment=\u00bbcenter\u00bb css=\u00bb\u00bb][vc_empty_space][vc_custom_heading text=\u00bbStephanie Jazm\u00edn de Lourdes<br \/>\nPinedo Amenero\u00bb font_container=\u00bbtag:h4|text_align:center\u00bb use_theme_fonts=\u00bbyes\u00bb css=\u00bb\u00bb][vc_custom_heading text=\u00bbDirectora Secretaria Nacional\u00bb font_container=\u00bbtag:h6|text_align:center\u00bb use_theme_fonts=\u00bbyes\u00bb css=\u00bb\u00bb][vc_column_text css=\u00bb\u00bb]<\/p>\n<p style=\"text-align: justify;\">Licenciada en Periodismo y mag\u00edster en Administraci\u00f3n y Direcci\u00f3n de Empresas. Cuenta con amplia experiencia en comunicaci\u00f3n institucional, relaciones p\u00fablicas, gesti\u00f3n de imagen y posicionamiento estrat\u00e9gico en los sectores p\u00fablico y privado. Actualmente es Especialista en Comunicaciones del Programa de Alimentaci\u00f3n Escolar del MIDIS. Ha dirigido y asesorado comunicaciones en los ministerios del Interior, Defensa, Cultura, Comercio Exterior y Turismo, Trabajo, el Ej\u00e9rcito del Per\u00fa y el GORE \u00c1ncash. Posee experiencia gremial en el Colegio de Periodistas del Per\u00fa y el Colegio de Periodistas de Lima, liderando procesos de ordenamiento administrativo, control presupuestal y fortalecimiento institucional.<\/p>\n<p style=\"text-align: justify;\"><!--more--><\/p>\n<p>[\/vc_column_text][\/vc_column_inner][vc_column_inner width=\u00bb1\/4&#8243;][vc_single_image image=\u00bb6131&#8243; img_size=\u00bbfull\u00bb alignment=\u00bbcenter\u00bb css=\u00bb\u00bb][vc_empty_space][vc_custom_heading text=\u00bbJos\u00e9 Carlos Basurto Amaro\u00bb font_container=\u00bbtag:h4|text_align:center\u00bb use_theme_fonts=\u00bbyes\u00bb css=\u00bb\u00bb][vc_custom_heading text=\u00bbDirector Nacional de Econom\u00eda, Administraci\u00f3n y Finanzas\u00bb font_container=\u00bbtag:h6|text_align:center\u00bb use_theme_fonts=\u00bbyes\u00bb css=\u00bb\u00bb][vc_column_text css=\u00bb\u00bb]<\/p>\n<p style=\"text-align: justify;\">Licenciado en Ciencias de la Comunicaci\u00f3n por la Universidad de San Mart\u00edn de Porres. Diplomado en Periodismo Econ\u00f3mico por el Instituto Peruano de Administraci\u00f3n de Empresas. Cuenta con una amplia trayectoria profesional como redactor, jefe de Informaciones, jefe de Redacci\u00f3n y editor nacional en el Grupo Epensa S.A.C., editor de los diarios <em>Ojo<\/em> y <em>Correo<\/em>. Se desempe\u00f1\u00f3 como gerente de Prensa de la Municipalidad del Callao. Actualmente labora como editor y asesor de revistas regionales y especializadas. Asimismo, ha sido presidente del C\u00edrculo de Periodistas Adscritos al Palacio de Gobierno y es vicedecano del Colegio de Periodistas de Lima.<\/p>\n<p>[\/vc_column_text][\/vc_column_inner][\/vc_row_inner][vc_empty_space][vc_empty_space][vc_row_inner][vc_column_inner width=\u00bb1\/4&#8243;][vc_single_image image=\u00bb6132&#8243; img_size=\u00bbfull\u00bb alignment=\u00bbcenter\u00bb css=\u00bb\u00bb][vc_empty_space][vc_custom_heading text=\u00bbCarlos Prieto Campos\u00bb font_container=\u00bbtag:h4|text_align:center\u00bb use_theme_fonts=\u00bbyes\u00bb css=\u00bb\u00bb][vc_custom_heading text=\u00bbDirector de Actividades Profesionales y Acad\u00e9micas\u00bb font_container=\u00bbtag:h6|text_align:center\u00bb use_theme_fonts=\u00bbyes\u00bb css=\u00bb\u00bb][vc_column_text css=\u00bb\u00bb]<\/p>\n<p style=\"text-align: justify;\">Doctor y licenciado en Ciencias de la Informaci\u00f3n por la Universidad de Piura. Cuenta con s\u00f3lida formaci\u00f3n acad\u00e9mica y amplia experiencia en gesti\u00f3n universitaria, comunicaci\u00f3n y periodismo, con \u00e9nfasis en investigaci\u00f3n y an\u00e1lisis de contextos complejos. Ha sido vicerrector de la Universidad Nacional del Centro del Per\u00fa, decano de la Facultad de Ciencias de la Comunicaci\u00f3n, director de Posgrado y decano del Colegio de Periodistas Jun\u00edn\u2013Huancavelica. Ejerci\u00f3 el periodismo en <em data-start=\"479\" data-end=\"487\">Correo<\/em> (Piura y Huancayo) y <em data-start=\"509\" data-end=\"514\">Ojo<\/em>. Fue becado para investigaciones en zonas de conflicto en Israel, Colombia, Ecuador y Paraguay. Actualmente es docente universitario en Direcci\u00f3n Estrat\u00e9gica y Gesti\u00f3n Empresarial y ha recibido la Medalla de Oro del Parlamento Andino y el Diploma de Honor del Colegio de Periodistas del Per\u00fa.<\/p>\n<p>[\/vc_column_text][\/vc_column_inner][vc_column_inner width=\u00bb1\/4&#8243;][vc_single_image image=\u00bb6133&#8243; img_size=\u00bbfull\u00bb alignment=\u00bbcenter\u00bb css=\u00bb\u00bb][vc_empty_space][vc_custom_heading text=\u00bbSamuel Vilca Vilca\u00bb font_container=\u00bbtag:h4|text_align:center\u00bb use_theme_fonts=\u00bbyes\u00bb css=\u00bb\u00bb][vc_custom_heading text=\u00bbDirector Nacional de Responsabilidad Social\u00bb font_container=\u00bbtag:h6|text_align:center\u00bb use_theme_fonts=\u00bbyes\u00bb css=\u00bb\u00bb][vc_column_text css=\u00bb\u00bb]<\/p>\n<p style=\"text-align: justify;\">Licenciado en Ciencias de la Comunicaci\u00f3n Social por la Universidad Nacional del Altiplano de Puno y mag\u00edster en Gesti\u00f3n P\u00fablica y Desarrollo Local. Posee amplia experiencia en comunicaci\u00f3n institucional, prensa p\u00fablica, periodismo intercultural, gesti\u00f3n de contenidos y plataformas digitales, en entidades del Estado y medios regionales y nacionales. Con m\u00e1s de 25 a\u00f1os de trayectoria, fue especialista en Prensa Institucional y Plataformas Digitales en la UNAP, en el Seguro Integral de Salud y director de Comunicaciones de la DIRESA Puno. Ejerci\u00f3 dos periodos como decano del Colegio de Periodistas del Per\u00fa \u2013 Consejo Regional Puno y presidi\u00f3 la Red de Periodistas Intercultural Biling\u00fce de Puno.<\/p>\n<p>[\/vc_column_text][\/vc_column_inner][vc_column_inner width=\u00bb1\/4&#8243;][vc_single_image image=\u00bb6134&#8243; img_size=\u00bbfull\u00bb alignment=\u00bbcenter\u00bb css=\u00bb\u00bb][vc_empty_space][vc_custom_heading text=\u00bbJuan Manuel Reyes Castillo\u00bb font_container=\u00bbtag:h4|text_align:center\u00bb use_theme_fonts=\u00bbyes\u00bb css=\u00bb\u00bb][vc_custom_heading text=\u00bbDirector Nacional de Comunicaciones y Publicaciones\u00bb font_container=\u00bbtag:h6|text_align:center\u00bb use_theme_fonts=\u00bbyes\u00bb css=\u00bb\u00bb][vc_column_text css=\u00bb\u00bb]Licenciado en Comunicaci\u00f3n Social y mag\u00edster en Gesti\u00f3n P\u00fablica. Cuenta con amplia experiencia en gesti\u00f3n p\u00fablica local, dirigencia institucional y docencia universitaria en Piura, con \u00e9nfasis en desarrollo social, participaci\u00f3n ciudadana y comunicaci\u00f3n institucional. Fue director secretario nacional y decano del Colegio de Periodistas del Per\u00fa en Piura, destacando por su liderazgo gremial. Ha ocupado cargos como gerente de Desarrollo Social, Participaci\u00f3n Ciudadana y Comunicaciones en la Municipalidad de Sullana, gerente de Desarrollo Econ\u00f3mico en Querecotillo y actualmente es gerente de Desarrollo Humano en la Municipalidad Distrital de Castilla. Es director de la Beneficencia de Sullana y docente en la Universidad Nacional de Piura.[\/vc_column_text][\/vc_column_inner][vc_column_inner width=\u00bb1\/4&#8243;][vc_single_image image=\u00bb6136&#8243; img_size=\u00bbfull\u00bb alignment=\u00bbcenter\u00bb css=\u00bb\u00bb][vc_empty_space][vc_custom_heading text=\u00bbLizzet Gheraldine Paz Quispe\u00bb font_container=\u00bbtag:h4|text_align:center\u00bb use_theme_fonts=\u00bbyes\u00bb css=\u00bb\u00bb][vc_custom_heading text=\u00bbDirectora Nacional de Coordinaci\u00f3n Departamental\u00bb font_container=\u00bbtag:h6|text_align:center\u00bb use_theme_fonts=\u00bbyes\u00bb css=\u00bb\u00bb][vc_column_text css=\u00bb\u00bb]Doctoranda en Ciencias de la Comunicaci\u00f3n, licenciada por la UNCP y mag\u00edster en Comunicaci\u00f3n para el Desarrollo. Especialista en comunicaci\u00f3n estrat\u00e9gica para la gesti\u00f3n p\u00fablica, comunicaci\u00f3n pol\u00edtica, manejo de crisis, relaciones p\u00fablicas, imagen institucional y marketing digital, con estudios en ESAN y la USMP. Con m\u00e1s de 20 a\u00f1os de experiencia, ha desempe\u00f1ado cargos clave en el Ministerio de Vivienda, DIRIS Lima Norte\u2013MINSA, MIDAGRI y RPP regi\u00f3n central. Fue decana del Colegio de Periodistas Jun\u00edn\u2013Huancavelica y dirigente nacional del Colegio de Periodistas del Per\u00fa, donde ejerci\u00f3 funciones en Biblioteca y Cultura, y en Econom\u00eda, Administraci\u00f3n y Finanzas.[\/vc_column_text][\/vc_column_inner][\/vc_row_inner][vc_empty_space][vc_empty_space][vc_row_inner][vc_column_inner width=\u00bb1\/4&#8243;][vc_single_image image=\u00bb6126&#8243; img_size=\u00bbfull\u00bb alignment=\u00bbcenter\u00bb css=\u00bb\u00bb][vc_empty_space][vc_custom_heading text=\u00bbGiovanna Beltr\u00e1n Pel\u00e1ez\u00bb font_container=\u00bbtag:h4|text_align:center\u00bb use_theme_fonts=\u00bbyes\u00bb css=\u00bb\u00bb][vc_custom_heading text=\u00bbDirectora Nacional de Biblioteca y Cultura\u00bb font_container=\u00bbtag:h6|text_align:center\u00bb use_theme_fonts=\u00bbyes\u00bb css=\u00bb\u00bb][vc_column_text css=\u00bb\u00bb]<span class=\"a_GcMg font-feature-liga-off font-feature-clig-off font-feature-calt-off text-decoration-none text-strikethrough-none\">Licenciada en Ciencias de la Comunicaci\u00f3n. Ha trabajado en el diario La Industria de Trujillo y en Radio Libertad de Trujillo. Dirigi\u00f3 la revista tur\u00edstica Identidades. Es docente universitaria en la Facultad de Ciencias de la Comunicaci\u00f3n de la Universidad C\u00e9sar Vallejo desde hace 14 a\u00f1os. Asimismo, es abogada penalista y de familia, dedicada a la defensa privada. Ha escrito diversos art\u00edculos de opini\u00f3n y brinda asesor\u00eda en tesis.<\/span>[\/vc_column_text][\/vc_column_inner][\/vc_row_inner][\/vc_column][\/vc_row]<\/p>\n<\/div>","protected":false},"excerpt":{"rendered":"<p>[vc_row full_width=\u00bbstretch_row_content_no_spaces\u00bb bg_type=\u00bbbg_color\u00bb bg_override=\u00bbex-full\u00bb bg_color_value=\u00bb#ffffff\u00bb el_class=\u00bbwide-ipad\u00bb css=\u00bb.vc_custom_1773677810333{padding-bottom: 5rem !important;}\u00bb][vc_column css_animation=\u00bbfadeInLeft\u00bb width=\u00bb1\/2&#8243; css=\u00bb.vc_custom_1773677750381{background-position: center !important;background-repeat: no-repeat !important;background-size: cover !important;}\u00bb][\/vc_column][vc_column css_animation=\u00bbfadeInRight\u00bb width=\u00bb1\/2&#8243;][\/vc_column][\/vc_row][vc_row css_animation=\u00bbbounceInDown\u00bb bg_type=\u00bbbg_color\u00bb bg_override=\u00bbex-full\u00bb css=\u00bb.vc_custom_1750722025976{padding-top: 4rem !important;padding-bottom: 4rem !important;}\u00bb bg_color_value=\u00bb#f4f4f4&#8243;][vc_column][vc_custom_heading text=\u00bbConsejo Directivo Nacional\u00bb font_container=\u00bbtag:h3|text_align:center\u00bb use_theme_fonts=\u00bbyes\u00bb css=\u00bb\u00bb][vc_empty_space][vc_row_inner][vc_column_inner width=\u00bb1\/2&#8243;][vc_single_image image=\u00bb5774&#8243; img_size=\u00bbfull\u00bb alignment=\u00bbcenter\u00bb css=\u00bb\u00bb][\/vc_column_inner][vc_column_inner width=\u00bb1\/2&#8243;][vc_custom_heading text=\u00bbAndr\u00e9s Tom\u00e1s Z\u00fa\u00f1iga Pimentel\u00bb font_container=\u00bbtag:h4|text_align:left\u00bb use_theme_fonts=\u00bbyes\u00bb css=\u00bb\u00bb][vc_custom_heading text=\u00bbDecano Nacional\u00bb font_container=\u00bbtag:h5|text_align:left\u00bb use_theme_fonts=\u00bbyes\u00bb css=\u00bb\u00bb][vc_column_text css_animation=\u00bbbounceInRight\u00bb css=\u00bb\u00bb] [&hellip;]<\/p>\n","protected":false},"author":4,"featured_media":0,"parent":0,"menu_order":0,"comment_status":"closed","ping_status":"closed","template":"page.php","meta":{"footnotes":""},"class_list":["post-6158","page","type-page","status-publish","hentry"],"_links":{"self":[{"href":"https:\/\/cpp.pe\/cpp\/wp-json\/wp\/v2\/pages\/6158","targetHints":{"allow":["GET"]}}],"collection":[{"href":"https:\/\/cpp.pe\/cpp\/wp-json\/wp\/v2\/pages"}],"about":[{"href":"https:\/\/cpp.pe\/cpp\/wp-json\/wp\/v2\/types\/page"}],"author":[{"embeddable":true,"href":"https:\/\/cpp.pe\/cpp\/wp-json\/wp\/v2\/users\/4"}],"replies":[{"embeddable":true,"href":"https:\/\/cpp.pe\/cpp\/wp-json\/wp\/v2\/comments?post=6158"}],"version-history":[{"count":6,"href":"https:\/\/cpp.pe\/cpp\/wp-json\/wp\/v2\/pages\/6158\/revisions"}],"predecessor-version":[{"id":6175,"href":"https:\/\/cpp.pe\/cpp\/wp-json\/wp\/v2\/pages\/6158\/revisions\/6175"}],"wp:attachment":[{"href":"https:\/\/cpp.pe\/cpp\/wp-json\/wp\/v2\/media?parent=6158"}],"curies":[{"name":"wp","href":"https:\/\/api.w.org\/{rel}","templated":true}]}}